{"id":241,"date":"2021-03-12T20:18:48","date_gmt":"2021-03-12T20:18:48","guid":{"rendered":"https:\/\/lolamoral.es\/?page_id=241"},"modified":"2021-03-21T10:46:57","modified_gmt":"2021-03-21T10:46:57","slug":"sobre-mi","status":"publish","type":"page","link":"https:\/\/lolamoral.es\/?page_id=241","title":{"rendered":"Sobre m\u00ed"},"content":{"rendered":"\n<p>Hola a tod@s! <\/p>\n\n\n\n<p>Me llamo Lola Moral y comparto vida y cabeza con Sergio Garc\u00eda S\u00e1nchez. Junto a \u00e9l he creado libros y fabricado seres humanos. Concretamente dos, Pablo y Alicia. Libros muchos m\u00e1s, tantos que me costar\u00eda enumerarlos.&nbsp;Tambi\u00e9n compartimos dos  animalillos, uno perruno llamado Maya y un gatete que responde al nombre de Pregunta porque cuando apareci\u00f3 por casa nos plante\u00f3 muchas cuestiones: de d\u00f3nde vienes, a qui\u00e9n perteneces, c\u00f3mo te llamas&#8230; Como no ten\u00eda chip ni encontramos a sus due\u00f1os aceptamos la solicitud y nos adopt\u00f3 legalmente.<\/p>\n\n\n\n<p>No conduzco, prefiero cambiar de calle si tengo que volver al mismo lugar y detesto los clubs y las competiciones. Me gustan los burros (no es broma), las plantas y el olor de la tierra mojada. <\/p>\n\n\n\n<p>Creo que mis mayores virtudes son la curiosidad y la intuici\u00f3n que desde peque\u00f1a me motivaron a investigar el proceso de la creaci\u00f3n. Me gusta crear pero sobre todo me gusta el proceso, dominar la t\u00e9cnica, conocer el funcionamiento de las cosas, la alquimia de los materiales: el papel, la pintura, el barro, la madera, los tejidos y la magia de su transformaci\u00f3n. Y s\u00ed, muchos llaman a esto dispersi\u00f3n pero frente a los que opinan que hay que centrarse en una sola tarea defiendo mi derecho a la dispersi\u00f3n controlada. No entiendo por qu\u00e9 he de centrarme en una sola tarea si puedo desarrollar disciplinas distintas.&nbsp;<\/p>\n\n\n\n<p>Con Sergio, a quien conozco desde que coincidimos estudiando BBAA, he trabajado como guionista y colorista gr\u00e1fica para las editoriales TOON BOOKS (USA), Dargaud, Delcourt, Dupuis, Actes Sud (Francia), Ediciones Santillana y Dibbuks (Espa\u00f1a). Para m\u00ed es el dibujante contempor\u00e1neo m\u00e1s completo. Sus investigaciones en el campo del dibujo no son otra cosa que la exteriorizaci\u00f3n de su enorme capacidad  intelectual. Echa un vistazo a su web www.sergiogarciasanchez.com  y comprender\u00e1s lo que digo. \u00c9l siempre lamenta no ser mejor escritor pero pienso que en realidad cuando dibuja escribe y narra historias sin necesidad de palabras. \u00c9stas se las regalo yo.<\/p>\n\n\n\n<p>Juntos dimos vida a un personaje entra\u00f1able llamado Odi cuya imagen es el logo de la tienda. Odi es una chica vital y din\u00e1mica que interpreta la vida a su manera y que es capaz de plantarle cara a todas las dificultades junto a Adisson, su amante incondicional. En realidad son nuestros \u201calter ego\u201d y con ellos tratamos de descifrar una realidad que siempre se nos present\u00f3 encriptada y con la que no nos sentimos del todo identificados. Somos dos punto y aparte que se convirtieron en puntos suspensivos. El libro de Odi\u2019s blog, ideado como un proyecto que rompiera las fronteras del idioma y las barreras que \u00e9ste impone, fue editado en un principio por Dargaud Benelux y reeditado en muchos pa\u00edses, entre ellos Espa\u00f1a gracias a la editorial Dibbuks. Con esta \u00faltima publicamos tambi\u00e9n dos revisiones muy particulares de Caperucita Roja y La Bella durmiente en las que por fin estas chicas no son tan lerdas como los cuentos las pintan.<\/p>\n\n\n\n<p>Al margen de nuestro trabajo en com\u00fan cada uno desarrolla actividades de forma independiente. Sergio publica habitualmente en The New York Times y ha dibujado portadas para EPS y The New Yorker. Yo empleo mi tiempo en creaciones de cer\u00e1mica contempor\u00e1nea, intervenciones de objetos, creaciones de obras y objetos textiles, grabado y estampaci\u00f3n, construyo y sue\u00f1o mucho.<\/p>\n\n\n\n<p>Una vez recuperados los derechos de reproducci\u00f3n del libro Odi\u2019s blog pensamos que ser\u00eda buena la idea de crear un mundo f\u00edsico que le rindiera homenaje y que me permitiera de alg\u00fan modo canalizar y compartir mis producciones art\u00edsticas. Para nosotros Odi siempre ha sido un talism\u00e1n porque naci\u00f3 en un momento muy importante de nuestras vidas y nos las cambi\u00f3 para siempre. <\/p>\n\n\n\n<p>Te ofrezco mis creaciones y espero que te gusten.<\/p>\n\n\n\n<p>Lola.<\/p>\n","protected":false},"excerpt":{"rendered":"<p>Hola a tod@s! Me llamo Lola Moral y comparto vida y cabeza con Sergio Garc\u00eda S\u00e1nchez. Junto a \u00e9l he creado libros y fabricado seres humanos. Concretamente dos, Pablo y Alicia. Libros muchos m\u00e1s, tantos que me costar\u00eda enumerarlos.&nbsp;Tambi\u00e9n compartimos dos animalillos, uno perruno llamado Maya y un gatete que responde al nombre de Pregunta [&hellip;]<\/p>\n","protected":false},"author":1,"featured_media":278,"parent":0,"menu_order":0,"comment_status":"closed","ping_status":"closed","template":"","meta":{"footnotes":""},"class_list":["post-241","page","type-page","status-publish","has-post-thumbnail","hentry"],"yoast_head":"<!-- This site is optimized with the Yoast SEO plugin v27.3 - https:\/\/yoast.com\/product\/yoast-seo-wordpress\/ -->\n<title>Sobre m\u00ed - LOLA MORAL STORE<\/title>\n<meta name=\"robots\" content=\"index, follow, max-snippet:-1, max-image-preview:large, max-video-preview:-1\" \/>\n<link rel=\"canonical\" href=\"https:\/\/lolamoral.es\/?page_id=241\" \/>\n<meta property=\"og:locale\" content=\"es_ES\" \/>\n<meta property=\"og:type\" content=\"article\" \/>\n<meta property=\"og:title\" content=\"Sobre m\u00ed - LOLA MORAL STORE\" \/>\n<meta property=\"og:description\" content=\"Hola a tod@s! Me llamo Lola Moral y comparto vida y cabeza con Sergio Garc\u00eda S\u00e1nchez. Junto a \u00e9l he creado libros y fabricado seres humanos. Concretamente dos, Pablo y Alicia. Libros muchos m\u00e1s, tantos que me costar\u00eda enumerarlos.&nbsp;Tambi\u00e9n compartimos dos animalillos, uno perruno llamado Maya y un gatete que responde al nombre de Pregunta [&hellip;]\" \/>\n<meta property=\"og:url\" content=\"https:\/\/lolamoral.es\/?page_id=241\" \/>\n<meta property=\"og:site_name\" content=\"LOLA MORAL STORE\" \/>\n<meta property=\"article:modified_time\" content=\"2021-03-21T10:46:57+00:00\" \/>\n<meta property=\"og:image\" content=\"https:\/\/lolamoral.es\/wp-content\/uploads\/2021\/03\/Banner02.jpg\" \/>\n\t<meta property=\"og:image:width\" content=\"2550\" \/>\n\t<meta property=\"og:image:height\" content=\"680\" \/>\n\t<meta property=\"og:image:type\" content=\"image\/jpeg\" \/>\n<meta name=\"twitter:card\" content=\"summary_large_image\" \/>\n<meta name=\"twitter:label1\" content=\"Tiempo de lectura\" \/>\n\t<meta name=\"twitter:data1\" content=\"3 minutos\" \/>\n<script type=\"application\/ld+json\" class=\"yoast-schema-graph\">{\"@context\":\"https:\\\/\\\/schema.org\",\"@graph\":[{\"@type\":\"WebPage\",\"@id\":\"https:\\\/\\\/lolamoral.es\\\/?page_id=241\",\"url\":\"https:\\\/\\\/lolamoral.es\\\/?page_id=241\",\"name\":\"Sobre m\u00ed - LOLA MORAL STORE\",\"isPartOf\":{\"@id\":\"https:\\\/\\\/lolamoral.es\\\/#website\"},\"primaryImageOfPage\":{\"@id\":\"https:\\\/\\\/lolamoral.es\\\/?page_id=241#primaryimage\"},\"image\":{\"@id\":\"https:\\\/\\\/lolamoral.es\\\/?page_id=241#primaryimage\"},\"thumbnailUrl\":\"https:\\\/\\\/lolamoral.es\\\/wp-content\\\/uploads\\\/2021\\\/03\\\/Banner02.jpg\",\"datePublished\":\"2021-03-12T20:18:48+00:00\",\"dateModified\":\"2021-03-21T10:46:57+00:00\",\"breadcrumb\":{\"@id\":\"https:\\\/\\\/lolamoral.es\\\/?page_id=241#breadcrumb\"},\"inLanguage\":\"es\",\"potentialAction\":[{\"@type\":\"ReadAction\",\"target\":[\"https:\\\/\\\/lolamoral.es\\\/?page_id=241\"]}]},{\"@type\":\"ImageObject\",\"inLanguage\":\"es\",\"@id\":\"https:\\\/\\\/lolamoral.es\\\/?page_id=241#primaryimage\",\"url\":\"https:\\\/\\\/lolamoral.es\\\/wp-content\\\/uploads\\\/2021\\\/03\\\/Banner02.jpg\",\"contentUrl\":\"https:\\\/\\\/lolamoral.es\\\/wp-content\\\/uploads\\\/2021\\\/03\\\/Banner02.jpg\",\"width\":2550,\"height\":680},{\"@type\":\"BreadcrumbList\",\"@id\":\"https:\\\/\\\/lolamoral.es\\\/?page_id=241#breadcrumb\",\"itemListElement\":[{\"@type\":\"ListItem\",\"position\":1,\"name\":\"Portada\",\"item\":\"https:\\\/\\\/lolamoral.es\\\/\"},{\"@type\":\"ListItem\",\"position\":2,\"name\":\"Sobre m\u00ed\"}]},{\"@type\":\"WebSite\",\"@id\":\"https:\\\/\\\/lolamoral.es\\\/#website\",\"url\":\"https:\\\/\\\/lolamoral.es\\\/\",\"name\":\"LOLA MORAL STORE\",\"description\":\"CER\u00c1MICA - TEXTILES - ARTE IMPRESO\",\"publisher\":{\"@id\":\"https:\\\/\\\/lolamoral.es\\\/#organization\"},\"potentialAction\":[{\"@type\":\"SearchAction\",\"target\":{\"@type\":\"EntryPoint\",\"urlTemplate\":\"https:\\\/\\\/lolamoral.es\\\/?s={search_term_string}\"},\"query-input\":{\"@type\":\"PropertyValueSpecification\",\"valueRequired\":true,\"valueName\":\"search_term_string\"}}],\"inLanguage\":\"es\"},{\"@type\":\"Organization\",\"@id\":\"https:\\\/\\\/lolamoral.es\\\/#organization\",\"name\":\"LOLA MORAL STORE\",\"url\":\"https:\\\/\\\/lolamoral.es\\\/\",\"logo\":{\"@type\":\"ImageObject\",\"inLanguage\":\"es\",\"@id\":\"https:\\\/\\\/lolamoral.es\\\/#\\\/schema\\\/logo\\\/image\\\/\",\"url\":\"https:\\\/\\\/lolamoral.es\\\/wp-content\\\/uploads\\\/2021\\\/01\\\/cropped-LOGO-LOLAMORALSTORE.jpg\",\"contentUrl\":\"https:\\\/\\\/lolamoral.es\\\/wp-content\\\/uploads\\\/2021\\\/01\\\/cropped-LOGO-LOLAMORALSTORE.jpg\",\"width\":600,\"height\":600,\"caption\":\"LOLA MORAL STORE\"},\"image\":{\"@id\":\"https:\\\/\\\/lolamoral.es\\\/#\\\/schema\\\/logo\\\/image\\\/\"}}]}<\/script>\n<!-- \/ Yoast SEO plugin. -->","yoast_head_json":{"title":"Sobre m\u00ed - LOLA MORAL STORE","robots":{"index":"index","follow":"follow","max-snippet":"max-snippet:-1","max-image-preview":"max-image-preview:large","max-video-preview":"max-video-preview:-1"},"canonical":"https:\/\/lolamoral.es\/?page_id=241","og_locale":"es_ES","og_type":"article","og_title":"Sobre m\u00ed - LOLA MORAL STORE","og_description":"Hola a tod@s! Me llamo Lola Moral y comparto vida y cabeza con Sergio Garc\u00eda S\u00e1nchez. Junto a \u00e9l he creado libros y fabricado seres humanos. Concretamente dos, Pablo y Alicia. Libros muchos m\u00e1s, tantos que me costar\u00eda enumerarlos.&nbsp;Tambi\u00e9n compartimos dos animalillos, uno perruno llamado Maya y un gatete que responde al nombre de Pregunta [&hellip;]","og_url":"https:\/\/lolamoral.es\/?page_id=241","og_site_name":"LOLA MORAL STORE","article_modified_time":"2021-03-21T10:46:57+00:00","og_image":[{"width":2550,"height":680,"url":"https:\/\/lolamoral.es\/wp-content\/uploads\/2021\/03\/Banner02.jpg","type":"image\/jpeg"}],"twitter_card":"summary_large_image","twitter_misc":{"Tiempo de lectura":"3 minutos"},"schema":{"@context":"https:\/\/schema.org","@graph":[{"@type":"WebPage","@id":"https:\/\/lolamoral.es\/?page_id=241","url":"https:\/\/lolamoral.es\/?page_id=241","name":"Sobre m\u00ed - LOLA MORAL STORE","isPartOf":{"@id":"https:\/\/lolamoral.es\/#website"},"primaryImageOfPage":{"@id":"https:\/\/lolamoral.es\/?page_id=241#primaryimage"},"image":{"@id":"https:\/\/lolamoral.es\/?page_id=241#primaryimage"},"thumbnailUrl":"https:\/\/lolamoral.es\/wp-content\/uploads\/2021\/03\/Banner02.jpg","datePublished":"2021-03-12T20:18:48+00:00","dateModified":"2021-03-21T10:46:57+00:00","breadcrumb":{"@id":"https:\/\/lolamoral.es\/?page_id=241#breadcrumb"},"inLanguage":"es","potentialAction":[{"@type":"ReadAction","target":["https:\/\/lolamoral.es\/?page_id=241"]}]},{"@type":"ImageObject","inLanguage":"es","@id":"https:\/\/lolamoral.es\/?page_id=241#primaryimage","url":"https:\/\/lolamoral.es\/wp-content\/uploads\/2021\/03\/Banner02.jpg","contentUrl":"https:\/\/lolamoral.es\/wp-content\/uploads\/2021\/03\/Banner02.jpg","width":2550,"height":680},{"@type":"BreadcrumbList","@id":"https:\/\/lolamoral.es\/?page_id=241#breadcrumb","itemListElement":[{"@type":"ListItem","position":1,"name":"Portada","item":"https:\/\/lolamoral.es\/"},{"@type":"ListItem","position":2,"name":"Sobre m\u00ed"}]},{"@type":"WebSite","@id":"https:\/\/lolamoral.es\/#website","url":"https:\/\/lolamoral.es\/","name":"LOLA MORAL STORE","description":"CER\u00c1MICA - TEXTILES - ARTE IMPRESO","publisher":{"@id":"https:\/\/lolamoral.es\/#organization"},"potentialAction":[{"@type":"SearchAction","target":{"@type":"EntryPoint","urlTemplate":"https:\/\/lolamoral.es\/?s={search_term_string}"},"query-input":{"@type":"PropertyValueSpecification","valueRequired":true,"valueName":"search_term_string"}}],"inLanguage":"es"},{"@type":"Organization","@id":"https:\/\/lolamoral.es\/#organization","name":"LOLA MORAL STORE","url":"https:\/\/lolamoral.es\/","logo":{"@type":"ImageObject","inLanguage":"es","@id":"https:\/\/lolamoral.es\/#\/schema\/logo\/image\/","url":"https:\/\/lolamoral.es\/wp-content\/uploads\/2021\/01\/cropped-LOGO-LOLAMORALSTORE.jpg","contentUrl":"https:\/\/lolamoral.es\/wp-content\/uploads\/2021\/01\/cropped-LOGO-LOLAMORALSTORE.jpg","width":600,"height":600,"caption":"LOLA MORAL STORE"},"image":{"@id":"https:\/\/lolamoral.es\/#\/schema\/logo\/image\/"}}]}},"_links":{"self":[{"href":"https:\/\/lolamoral.es\/index.php?rest_route=\/wp\/v2\/pages\/241","targetHints":{"allow":["GET"]}}],"collection":[{"href":"https:\/\/lolamoral.es\/index.php?rest_route=\/wp\/v2\/pages"}],"about":[{"href":"https:\/\/lolamoral.es\/index.php?rest_route=\/wp\/v2\/types\/page"}],"author":[{"embeddable":true,"href":"https:\/\/lolamoral.es\/index.php?rest_route=\/wp\/v2\/users\/1"}],"replies":[{"embeddable":true,"href":"https:\/\/lolamoral.es\/index.php?rest_route=%2Fwp%2Fv2%2Fcomments&post=241"}],"version-history":[{"count":11,"href":"https:\/\/lolamoral.es\/index.php?rest_route=\/wp\/v2\/pages\/241\/revisions"}],"predecessor-version":[{"id":280,"href":"https:\/\/lolamoral.es\/index.php?rest_route=\/wp\/v2\/pages\/241\/revisions\/280"}],"wp:featuredmedia":[{"embeddable":true,"href":"https:\/\/lolamoral.es\/index.php?rest_route=\/wp\/v2\/media\/278"}],"wp:attachment":[{"href":"https:\/\/lolamoral.es\/index.php?rest_route=%2Fwp%2Fv2%2Fmedia&parent=241"}],"curies":[{"name":"wp","href":"https:\/\/api.w.org\/{rel}","templated":true}]}}