{"id":402,"date":"2021-04-15T16:27:28","date_gmt":"2021-04-15T16:27:28","guid":{"rendered":"https:\/\/lolamoral.es\/?post_type=product&#038;p=402"},"modified":"2021-06-03T12:52:19","modified_gmt":"2021-06-03T12:52:19","slug":"medusa-terrestre","status":"publish","type":"product","link":"https:\/\/lolamoral.es\/?product=medusa-terrestre","title":{"rendered":"Medusa terrestre"},"content":{"rendered":"<p>M\u00f3vil cer\u00e1mico con forma de medusa modelado a mano con gres y esmaltado.<br \/>\nResistente a las bajas temperaturas puedes tenerlo en el jard\u00edn para escuchar el tintineo de sus tent\u00e1culos cuando los agite el viento o ponerlo en el interior de tu casa para decorar cualquier rinc\u00f3n.<\/p>\n","protected":false},"excerpt":{"rendered":"<p>M\u00f3vil cer\u00e1mico medusa<\/p>\n","protected":false},"featured_media":403,"comment_status":"closed","ping_status":"closed","template":"","meta":[],"product_brand":[],"product_cat":[17],"product_tag":[37,42],"class_list":{"0":"post-402","1":"product","2":"type-product","3":"status-publish","4":"has-post-thumbnail","6":"product_cat-ceramica","7":"product_tag-decoracion","8":"product_tag-movil","10":"first","11":"outofstock","12":"taxable","13":"shipping-taxable","14":"product-type-simple"},"yoast_head":"<!-- This site is optimized with the Yoast SEO plugin v27.3 - https:\/\/yoast.com\/product\/yoast-seo-wordpress\/ -->\n<title>Medusa terrestre - LOLA MORAL STORE<\/title>\n<meta name=\"description\" content=\"M\u00f3vil cer\u00e1mico\" \/>\n<meta name=\"robots\" content=\"index, follow, max-snippet:-1, max-image-preview:large, max-video-preview:-1\" \/>\n<link rel=\"canonical\" href=\"https:\/\/lolamoral.es\/?product=medusa-terrestre\" \/>\n<meta property=\"og:locale\" content=\"es_ES\" \/>\n<meta property=\"og:type\" content=\"article\" \/>\n<meta property=\"og:title\" content=\"Medusa terrestre - LOLA MORAL STORE\" \/>\n<meta property=\"og:description\" content=\"M\u00f3vil cer\u00e1mico\" \/>\n<meta property=\"og:url\" content=\"https:\/\/lolamoral.es\/?product=medusa-terrestre\" \/>\n<meta property=\"og:site_name\" content=\"LOLA MORAL STORE\" \/>\n<meta property=\"article:modified_time\" content=\"2021-06-03T12:52:19+00:00\" \/>\n<meta property=\"og:image\" content=\"https:\/\/lolamoral.es\/wp-content\/uploads\/2021\/04\/FE523903-1467-45E5-AAF1-EF5DE15C40E0.jpeg\" \/>\n\t<meta property=\"og:image:width\" content=\"2173\" \/>\n\t<meta property=\"og:image:height\" content=\"2174\" \/>\n\t<meta property=\"og:image:type\" content=\"image\/jpeg\" \/>\n<meta name=\"twitter:card\" content=\"summary_large_image\" \/>\n<meta name=\"twitter:label1\" content=\"Tiempo de lectura\" \/>\n\t<meta name=\"twitter:data1\" content=\"1 minuto\" \/>\n<script type=\"application\/ld+json\" class=\"yoast-schema-graph\">{\"@context\":\"https:\\\/\\\/schema.org\",\"@graph\":[{\"@type\":\"WebPage\",\"@id\":\"https:\\\/\\\/lolamoral.es\\\/?product=medusa-terrestre\",\"url\":\"https:\\\/\\\/lolamoral.es\\\/?product=medusa-terrestre\",\"name\":\"Medusa terrestre - LOLA MORAL STORE\",\"isPartOf\":{\"@id\":\"https:\\\/\\\/lolamoral.es\\\/#website\"},\"primaryImageOfPage\":{\"@id\":\"https:\\\/\\\/lolamoral.es\\\/?product=medusa-terrestre#primaryimage\"},\"image\":{\"@id\":\"https:\\\/\\\/lolamoral.es\\\/?product=medusa-terrestre#primaryimage\"},\"thumbnailUrl\":\"https:\\\/\\\/lolamoral.es\\\/wp-content\\\/uploads\\\/2021\\\/04\\\/FE523903-1467-45E5-AAF1-EF5DE15C40E0.jpeg\",\"datePublished\":\"2021-04-15T16:27:28+00:00\",\"dateModified\":\"2021-06-03T12:52:19+00:00\",\"description\":\"M\u00f3vil cer\u00e1mico\",\"breadcrumb\":{\"@id\":\"https:\\\/\\\/lolamoral.es\\\/?product=medusa-terrestre#breadcrumb\"},\"inLanguage\":\"es\",\"potentialAction\":[{\"@type\":\"ReadAction\",\"target\":[\"https:\\\/\\\/lolamoral.es\\\/?product=medusa-terrestre\"]}]},{\"@type\":\"ImageObject\",\"inLanguage\":\"es\",\"@id\":\"https:\\\/\\\/lolamoral.es\\\/?product=medusa-terrestre#primaryimage\",\"url\":\"https:\\\/\\\/lolamoral.es\\\/wp-content\\\/uploads\\\/2021\\\/04\\\/FE523903-1467-45E5-AAF1-EF5DE15C40E0.jpeg\",\"contentUrl\":\"https:\\\/\\\/lolamoral.es\\\/wp-content\\\/uploads\\\/2021\\\/04\\\/FE523903-1467-45E5-AAF1-EF5DE15C40E0.jpeg\",\"width\":2173,\"height\":2174},{\"@type\":\"BreadcrumbList\",\"@id\":\"https:\\\/\\\/lolamoral.es\\\/?product=medusa-terrestre#breadcrumb\",\"itemListElement\":[{\"@type\":\"ListItem\",\"position\":1,\"name\":\"Portada\",\"item\":\"https:\\\/\\\/lolamoral.es\\\/\"},{\"@type\":\"ListItem\",\"position\":2,\"name\":\"Tienda\",\"item\":\"https:\\\/\\\/lolamoral.es\\\/?page_id=11\"},{\"@type\":\"ListItem\",\"position\":3,\"name\":\"Medusa terrestre\"}]},{\"@type\":\"WebSite\",\"@id\":\"https:\\\/\\\/lolamoral.es\\\/#website\",\"url\":\"https:\\\/\\\/lolamoral.es\\\/\",\"name\":\"LOLA MORAL STORE\",\"description\":\"CER\u00c1MICA - TEXTILES - ARTE IMPRESO\",\"publisher\":{\"@id\":\"https:\\\/\\\/lolamoral.es\\\/#organization\"},\"potentialAction\":[{\"@type\":\"SearchAction\",\"target\":{\"@type\":\"EntryPoint\",\"urlTemplate\":\"https:\\\/\\\/lolamoral.es\\\/?s={search_term_string}\"},\"query-input\":{\"@type\":\"PropertyValueSpecification\",\"valueRequired\":true,\"valueName\":\"search_term_string\"}}],\"inLanguage\":\"es\"},{\"@type\":\"Organization\",\"@id\":\"https:\\\/\\\/lolamoral.es\\\/#organization\",\"name\":\"LOLA MORAL STORE\",\"url\":\"https:\\\/\\\/lolamoral.es\\\/\",\"logo\":{\"@type\":\"ImageObject\",\"inLanguage\":\"es\",\"@id\":\"https:\\\/\\\/lolamoral.es\\\/#\\\/schema\\\/logo\\\/image\\\/\",\"url\":\"https:\\\/\\\/lolamoral.es\\\/wp-content\\\/uploads\\\/2021\\\/01\\\/cropped-LOGO-LOLAMORALSTORE.jpg\",\"contentUrl\":\"https:\\\/\\\/lolamoral.es\\\/wp-content\\\/uploads\\\/2021\\\/01\\\/cropped-LOGO-LOLAMORALSTORE.jpg\",\"width\":600,\"height\":600,\"caption\":\"LOLA MORAL STORE\"},\"image\":{\"@id\":\"https:\\\/\\\/lolamoral.es\\\/#\\\/schema\\\/logo\\\/image\\\/\"}}]}<\/script>\n<!-- \/ Yoast SEO plugin. -->","yoast_head_json":{"title":"Medusa terrestre - LOLA MORAL STORE","description":"M\u00f3vil cer\u00e1mico","robots":{"index":"index","follow":"follow","max-snippet":"max-snippet:-1","max-image-preview":"max-image-preview:large","max-video-preview":"max-video-preview:-1"},"canonical":"https:\/\/lolamoral.es\/?product=medusa-terrestre","og_locale":"es_ES","og_type":"article","og_title":"Medusa terrestre - LOLA MORAL STORE","og_description":"M\u00f3vil cer\u00e1mico","og_url":"https:\/\/lolamoral.es\/?product=medusa-terrestre","og_site_name":"LOLA MORAL STORE","article_modified_time":"2021-06-03T12:52:19+00:00","og_image":[{"width":2173,"height":2174,"url":"https:\/\/lolamoral.es\/wp-content\/uploads\/2021\/04\/FE523903-1467-45E5-AAF1-EF5DE15C40E0.jpeg","type":"image\/jpeg"}],"twitter_card":"summary_large_image","twitter_misc":{"Tiempo de lectura":"1 minuto"},"schema":{"@context":"https:\/\/schema.org","@graph":[{"@type":"WebPage","@id":"https:\/\/lolamoral.es\/?product=medusa-terrestre","url":"https:\/\/lolamoral.es\/?product=medusa-terrestre","name":"Medusa terrestre - LOLA MORAL STORE","isPartOf":{"@id":"https:\/\/lolamoral.es\/#website"},"primaryImageOfPage":{"@id":"https:\/\/lolamoral.es\/?product=medusa-terrestre#primaryimage"},"image":{"@id":"https:\/\/lolamoral.es\/?product=medusa-terrestre#primaryimage"},"thumbnailUrl":"https:\/\/lolamoral.es\/wp-content\/uploads\/2021\/04\/FE523903-1467-45E5-AAF1-EF5DE15C40E0.jpeg","datePublished":"2021-04-15T16:27:28+00:00","dateModified":"2021-06-03T12:52:19+00:00","description":"M\u00f3vil cer\u00e1mico","breadcrumb":{"@id":"https:\/\/lolamoral.es\/?product=medusa-terrestre#breadcrumb"},"inLanguage":"es","potentialAction":[{"@type":"ReadAction","target":["https:\/\/lolamoral.es\/?product=medusa-terrestre"]}]},{"@type":"ImageObject","inLanguage":"es","@id":"https:\/\/lolamoral.es\/?product=medusa-terrestre#primaryimage","url":"https:\/\/lolamoral.es\/wp-content\/uploads\/2021\/04\/FE523903-1467-45E5-AAF1-EF5DE15C40E0.jpeg","contentUrl":"https:\/\/lolamoral.es\/wp-content\/uploads\/2021\/04\/FE523903-1467-45E5-AAF1-EF5DE15C40E0.jpeg","width":2173,"height":2174},{"@type":"BreadcrumbList","@id":"https:\/\/lolamoral.es\/?product=medusa-terrestre#breadcrumb","itemListElement":[{"@type":"ListItem","position":1,"name":"Portada","item":"https:\/\/lolamoral.es\/"},{"@type":"ListItem","position":2,"name":"Tienda","item":"https:\/\/lolamoral.es\/?page_id=11"},{"@type":"ListItem","position":3,"name":"Medusa terrestre"}]},{"@type":"WebSite","@id":"https:\/\/lolamoral.es\/#website","url":"https:\/\/lolamoral.es\/","name":"LOLA MORAL STORE","description":"CER\u00c1MICA - TEXTILES - ARTE IMPRESO","publisher":{"@id":"https:\/\/lolamoral.es\/#organization"},"potentialAction":[{"@type":"SearchAction","target":{"@type":"EntryPoint","urlTemplate":"https:\/\/lolamoral.es\/?s={search_term_string}"},"query-input":{"@type":"PropertyValueSpecification","valueRequired":true,"valueName":"search_term_string"}}],"inLanguage":"es"},{"@type":"Organization","@id":"https:\/\/lolamoral.es\/#organization","name":"LOLA MORAL STORE","url":"https:\/\/lolamoral.es\/","logo":{"@type":"ImageObject","inLanguage":"es","@id":"https:\/\/lolamoral.es\/#\/schema\/logo\/image\/","url":"https:\/\/lolamoral.es\/wp-content\/uploads\/2021\/01\/cropped-LOGO-LOLAMORALSTORE.jpg","contentUrl":"https:\/\/lolamoral.es\/wp-content\/uploads\/2021\/01\/cropped-LOGO-LOLAMORALSTORE.jpg","width":600,"height":600,"caption":"LOLA MORAL STORE"},"image":{"@id":"https:\/\/lolamoral.es\/#\/schema\/logo\/image\/"}}]}},"_links":{"self":[{"href":"https:\/\/lolamoral.es\/index.php?rest_route=\/wp\/v2\/product\/402","targetHints":{"allow":["GET"]}}],"collection":[{"href":"https:\/\/lolamoral.es\/index.php?rest_route=\/wp\/v2\/product"}],"about":[{"href":"https:\/\/lolamoral.es\/index.php?rest_route=\/wp\/v2\/types\/product"}],"replies":[{"embeddable":true,"href":"https:\/\/lolamoral.es\/index.php?rest_route=%2Fwp%2Fv2%2Fcomments&post=402"}],"wp:featuredmedia":[{"embeddable":true,"href":"https:\/\/lolamoral.es\/index.php?rest_route=\/wp\/v2\/media\/403"}],"wp:attachment":[{"href":"https:\/\/lolamoral.es\/index.php?rest_route=%2Fwp%2Fv2%2Fmedia&parent=402"}],"wp:term":[{"taxonomy":"product_brand","embeddable":true,"href":"https:\/\/lolamoral.es\/index.php?rest_route=%2Fwp%2Fv2%2Fproduct_brand&post=402"},{"taxonomy":"product_cat","embeddable":true,"href":"https:\/\/lolamoral.es\/index.php?rest_route=%2Fwp%2Fv2%2Fproduct_cat&post=402"},{"taxonomy":"product_tag","embeddable":true,"href":"https:\/\/lolamoral.es\/index.php?rest_route=%2Fwp%2Fv2%2Fproduct_tag&post=402"}],"curies":[{"name":"wp","href":"https:\/\/api.w.org\/{rel}","templated":true}]}}