{"id":70,"date":"2021-01-20T18:59:25","date_gmt":"2021-01-20T18:59:25","guid":{"rendered":"https:\/\/lolamoral.es\/?post_type=product&#038;p=70"},"modified":"2023-11-23T15:34:34","modified_gmt":"2023-11-23T15:34:34","slug":"mochila-para-dibujantes-6","status":"publish","type":"product","link":"https:\/\/lolamoral.es\/?product=mochila-para-dibujantes-6","title":{"rendered":"Mochila para dibujantes"},"content":{"rendered":"<p>Esta mochila est\u00e1 dise\u00f1ada especialmente para transportar materiales de dibujo.<\/p>\n<p>La mochila est\u00e1 fabricada por mi con un material muy resistente y lavable. Tiene dos bolsillos delanteros: uno con solapa y cierre de velcro para los l\u00e1pices y otro con acceso directo. En la parte de atr\u00e1s tiene un bolsillo extra grande pensado para contener un soporte para dibujar. En su interior encuentras otro con cremallera. El dise\u00f1o de esta mochila surge de una necesidad personal. En casa somos cuatro dibujantes y nos resultaba dif\u00edcil encontrar un bolso con las dimensiones justas para llevar los cuadernos A4 y los materiales de dibujo sin cargar m\u00e1s peso del necesario. Si dibujas con tableta estar\u00e1s tambi\u00e9n encantado con ella y se volver\u00e1 imprescindible en tus salidas art\u00edsticas o para cualquier uso que quieras darle. El tejido es de tapicer\u00eda con una composici\u00f3n 65% algod\u00f3n \/ 35% polyester y puedes lavarla a m\u00e1quina sin problema las veces que quieras. El forro es de algod\u00f3n 100% en color negro. Las cintas de algod\u00f3n de 38 mm son muy c\u00f3modas. Las hebillas son met\u00e1licas en color n\u00edquel. Tanto la etiqueta de marca como el dibujo de la solapa est\u00e1n serigrafiados a mano.<\/p>\n<p>La tablilla de madera va incluida en el precio.<\/p>\n","protected":false},"excerpt":{"rendered":"<p>Mochila para dibujantes fabricada a mano. Color gris oscuro.<\/p>\n","protected":false},"featured_media":72,"comment_status":"closed","ping_status":"closed","template":"","meta":[],"product_brand":[],"product_cat":[18],"product_tag":[],"class_list":{"0":"post-70","1":"product","2":"type-product","3":"status-publish","4":"has-post-thumbnail","6":"product_cat-textiles","8":"first","9":"instock","10":"featured","11":"taxable","12":"shipping-taxable","13":"product-type-simple"},"yoast_head":"<!-- This site is optimized with the Yoast SEO plugin v27.3 - https:\/\/yoast.com\/product\/yoast-seo-wordpress\/ -->\n<title>Mochila para dibujantes - LOLA MORAL STORE<\/title>\n<meta name=\"robots\" content=\"index, follow, max-snippet:-1, max-image-preview:large, max-video-preview:-1\" \/>\n<link rel=\"canonical\" href=\"https:\/\/lolamoral.es\/?product=mochila-para-dibujantes-6\" \/>\n<meta property=\"og:locale\" content=\"es_ES\" \/>\n<meta property=\"og:type\" content=\"article\" \/>\n<meta property=\"og:title\" content=\"Mochila para dibujantes - LOLA MORAL STORE\" \/>\n<meta property=\"og:description\" content=\"Mochila para dibujantes fabricada a mano. Color gris oscuro.\" \/>\n<meta property=\"og:url\" content=\"https:\/\/lolamoral.es\/?product=mochila-para-dibujantes-6\" \/>\n<meta property=\"og:site_name\" content=\"LOLA MORAL STORE\" \/>\n<meta property=\"article:modified_time\" content=\"2023-11-23T15:34:34+00:00\" \/>\n<meta property=\"og:image\" content=\"https:\/\/lolamoral.es\/wp-content\/uploads\/2021\/01\/IMG_2622.jpg\" \/>\n\t<meta property=\"og:image:width\" content=\"1000\" \/>\n\t<meta property=\"og:image:height\" content=\"1333\" \/>\n\t<meta property=\"og:image:type\" content=\"image\/jpeg\" \/>\n<meta name=\"twitter:card\" content=\"summary_large_image\" \/>\n<meta name=\"twitter:label1\" content=\"Tiempo de lectura\" \/>\n\t<meta name=\"twitter:data1\" content=\"1 minuto\" \/>\n<script type=\"application\/ld+json\" class=\"yoast-schema-graph\">{\"@context\":\"https:\\\/\\\/schema.org\",\"@graph\":[{\"@type\":\"WebPage\",\"@id\":\"https:\\\/\\\/lolamoral.es\\\/?product=mochila-para-dibujantes-6\",\"url\":\"https:\\\/\\\/lolamoral.es\\\/?product=mochila-para-dibujantes-6\",\"name\":\"Mochila para dibujantes - LOLA MORAL STORE\",\"isPartOf\":{\"@id\":\"https:\\\/\\\/lolamoral.es\\\/#website\"},\"primaryImageOfPage\":{\"@id\":\"https:\\\/\\\/lolamoral.es\\\/?product=mochila-para-dibujantes-6#primaryimage\"},\"image\":{\"@id\":\"https:\\\/\\\/lolamoral.es\\\/?product=mochila-para-dibujantes-6#primaryimage\"},\"thumbnailUrl\":\"https:\\\/\\\/lolamoral.es\\\/wp-content\\\/uploads\\\/2021\\\/01\\\/IMG_2622.jpg\",\"datePublished\":\"2021-01-20T18:59:25+00:00\",\"dateModified\":\"2023-11-23T15:34:34+00:00\",\"breadcrumb\":{\"@id\":\"https:\\\/\\\/lolamoral.es\\\/?product=mochila-para-dibujantes-6#breadcrumb\"},\"inLanguage\":\"es\",\"potentialAction\":[{\"@type\":\"ReadAction\",\"target\":[\"https:\\\/\\\/lolamoral.es\\\/?product=mochila-para-dibujantes-6\"]}]},{\"@type\":\"ImageObject\",\"inLanguage\":\"es\",\"@id\":\"https:\\\/\\\/lolamoral.es\\\/?product=mochila-para-dibujantes-6#primaryimage\",\"url\":\"https:\\\/\\\/lolamoral.es\\\/wp-content\\\/uploads\\\/2021\\\/01\\\/IMG_2622.jpg\",\"contentUrl\":\"https:\\\/\\\/lolamoral.es\\\/wp-content\\\/uploads\\\/2021\\\/01\\\/IMG_2622.jpg\",\"width\":1000,\"height\":1333},{\"@type\":\"BreadcrumbList\",\"@id\":\"https:\\\/\\\/lolamoral.es\\\/?product=mochila-para-dibujantes-6#breadcrumb\",\"itemListElement\":[{\"@type\":\"ListItem\",\"position\":1,\"name\":\"Portada\",\"item\":\"https:\\\/\\\/lolamoral.es\\\/\"},{\"@type\":\"ListItem\",\"position\":2,\"name\":\"Tienda\",\"item\":\"https:\\\/\\\/lolamoral.es\\\/?page_id=11\"},{\"@type\":\"ListItem\",\"position\":3,\"name\":\"Mochila para dibujantes\"}]},{\"@type\":\"WebSite\",\"@id\":\"https:\\\/\\\/lolamoral.es\\\/#website\",\"url\":\"https:\\\/\\\/lolamoral.es\\\/\",\"name\":\"LOLA MORAL STORE\",\"description\":\"CER\u00c1MICA - TEXTILES - ARTE IMPRESO\",\"publisher\":{\"@id\":\"https:\\\/\\\/lolamoral.es\\\/#organization\"},\"potentialAction\":[{\"@type\":\"SearchAction\",\"target\":{\"@type\":\"EntryPoint\",\"urlTemplate\":\"https:\\\/\\\/lolamoral.es\\\/?s={search_term_string}\"},\"query-input\":{\"@type\":\"PropertyValueSpecification\",\"valueRequired\":true,\"valueName\":\"search_term_string\"}}],\"inLanguage\":\"es\"},{\"@type\":\"Organization\",\"@id\":\"https:\\\/\\\/lolamoral.es\\\/#organization\",\"name\":\"LOLA MORAL STORE\",\"url\":\"https:\\\/\\\/lolamoral.es\\\/\",\"logo\":{\"@type\":\"ImageObject\",\"inLanguage\":\"es\",\"@id\":\"https:\\\/\\\/lolamoral.es\\\/#\\\/schema\\\/logo\\\/image\\\/\",\"url\":\"https:\\\/\\\/lolamoral.es\\\/wp-content\\\/uploads\\\/2021\\\/01\\\/cropped-LOGO-LOLAMORALSTORE.jpg\",\"contentUrl\":\"https:\\\/\\\/lolamoral.es\\\/wp-content\\\/uploads\\\/2021\\\/01\\\/cropped-LOGO-LOLAMORALSTORE.jpg\",\"width\":600,\"height\":600,\"caption\":\"LOLA MORAL STORE\"},\"image\":{\"@id\":\"https:\\\/\\\/lolamoral.es\\\/#\\\/schema\\\/logo\\\/image\\\/\"}}]}<\/script>\n<!-- \/ Yoast SEO plugin. -->","yoast_head_json":{"title":"Mochila para dibujantes - LOLA MORAL STORE","robots":{"index":"index","follow":"follow","max-snippet":"max-snippet:-1","max-image-preview":"max-image-preview:large","max-video-preview":"max-video-preview:-1"},"canonical":"https:\/\/lolamoral.es\/?product=mochila-para-dibujantes-6","og_locale":"es_ES","og_type":"article","og_title":"Mochila para dibujantes - LOLA MORAL STORE","og_description":"Mochila para dibujantes fabricada a mano. Color gris oscuro.","og_url":"https:\/\/lolamoral.es\/?product=mochila-para-dibujantes-6","og_site_name":"LOLA MORAL STORE","article_modified_time":"2023-11-23T15:34:34+00:00","og_image":[{"width":1000,"height":1333,"url":"https:\/\/lolamoral.es\/wp-content\/uploads\/2021\/01\/IMG_2622.jpg","type":"image\/jpeg"}],"twitter_card":"summary_large_image","twitter_misc":{"Tiempo de lectura":"1 minuto"},"schema":{"@context":"https:\/\/schema.org","@graph":[{"@type":"WebPage","@id":"https:\/\/lolamoral.es\/?product=mochila-para-dibujantes-6","url":"https:\/\/lolamoral.es\/?product=mochila-para-dibujantes-6","name":"Mochila para dibujantes - LOLA MORAL STORE","isPartOf":{"@id":"https:\/\/lolamoral.es\/#website"},"primaryImageOfPage":{"@id":"https:\/\/lolamoral.es\/?product=mochila-para-dibujantes-6#primaryimage"},"image":{"@id":"https:\/\/lolamoral.es\/?product=mochila-para-dibujantes-6#primaryimage"},"thumbnailUrl":"https:\/\/lolamoral.es\/wp-content\/uploads\/2021\/01\/IMG_2622.jpg","datePublished":"2021-01-20T18:59:25+00:00","dateModified":"2023-11-23T15:34:34+00:00","breadcrumb":{"@id":"https:\/\/lolamoral.es\/?product=mochila-para-dibujantes-6#breadcrumb"},"inLanguage":"es","potentialAction":[{"@type":"ReadAction","target":["https:\/\/lolamoral.es\/?product=mochila-para-dibujantes-6"]}]},{"@type":"ImageObject","inLanguage":"es","@id":"https:\/\/lolamoral.es\/?product=mochila-para-dibujantes-6#primaryimage","url":"https:\/\/lolamoral.es\/wp-content\/uploads\/2021\/01\/IMG_2622.jpg","contentUrl":"https:\/\/lolamoral.es\/wp-content\/uploads\/2021\/01\/IMG_2622.jpg","width":1000,"height":1333},{"@type":"BreadcrumbList","@id":"https:\/\/lolamoral.es\/?product=mochila-para-dibujantes-6#breadcrumb","itemListElement":[{"@type":"ListItem","position":1,"name":"Portada","item":"https:\/\/lolamoral.es\/"},{"@type":"ListItem","position":2,"name":"Tienda","item":"https:\/\/lolamoral.es\/?page_id=11"},{"@type":"ListItem","position":3,"name":"Mochila para dibujantes"}]},{"@type":"WebSite","@id":"https:\/\/lolamoral.es\/#website","url":"https:\/\/lolamoral.es\/","name":"LOLA MORAL STORE","description":"CER\u00c1MICA - TEXTILES - ARTE IMPRESO","publisher":{"@id":"https:\/\/lolamoral.es\/#organization"},"potentialAction":[{"@type":"SearchAction","target":{"@type":"EntryPoint","urlTemplate":"https:\/\/lolamoral.es\/?s={search_term_string}"},"query-input":{"@type":"PropertyValueSpecification","valueRequired":true,"valueName":"search_term_string"}}],"inLanguage":"es"},{"@type":"Organization","@id":"https:\/\/lolamoral.es\/#organization","name":"LOLA MORAL STORE","url":"https:\/\/lolamoral.es\/","logo":{"@type":"ImageObject","inLanguage":"es","@id":"https:\/\/lolamoral.es\/#\/schema\/logo\/image\/","url":"https:\/\/lolamoral.es\/wp-content\/uploads\/2021\/01\/cropped-LOGO-LOLAMORALSTORE.jpg","contentUrl":"https:\/\/lolamoral.es\/wp-content\/uploads\/2021\/01\/cropped-LOGO-LOLAMORALSTORE.jpg","width":600,"height":600,"caption":"LOLA MORAL STORE"},"image":{"@id":"https:\/\/lolamoral.es\/#\/schema\/logo\/image\/"}}]}},"_links":{"self":[{"href":"https:\/\/lolamoral.es\/index.php?rest_route=\/wp\/v2\/product\/70","targetHints":{"allow":["GET"]}}],"collection":[{"href":"https:\/\/lolamoral.es\/index.php?rest_route=\/wp\/v2\/product"}],"about":[{"href":"https:\/\/lolamoral.es\/index.php?rest_route=\/wp\/v2\/types\/product"}],"replies":[{"embeddable":true,"href":"https:\/\/lolamoral.es\/index.php?rest_route=%2Fwp%2Fv2%2Fcomments&post=70"}],"wp:featuredmedia":[{"embeddable":true,"href":"https:\/\/lolamoral.es\/index.php?rest_route=\/wp\/v2\/media\/72"}],"wp:attachment":[{"href":"https:\/\/lolamoral.es\/index.php?rest_route=%2Fwp%2Fv2%2Fmedia&parent=70"}],"wp:term":[{"taxonomy":"product_brand","embeddable":true,"href":"https:\/\/lolamoral.es\/index.php?rest_route=%2Fwp%2Fv2%2Fproduct_brand&post=70"},{"taxonomy":"product_cat","embeddable":true,"href":"https:\/\/lolamoral.es\/index.php?rest_route=%2Fwp%2Fv2%2Fproduct_cat&post=70"},{"taxonomy":"product_tag","embeddable":true,"href":"https:\/\/lolamoral.es\/index.php?rest_route=%2Fwp%2Fv2%2Fproduct_tag&post=70"}],"curies":[{"name":"wp","href":"https:\/\/api.w.org\/{rel}","templated":true}]}}