{"id":714,"date":"2022-11-18T11:08:08","date_gmt":"2022-11-18T11:08:08","guid":{"rendered":"https:\/\/lolamoral.es\/?post_type=product&#038;p=714"},"modified":"2022-12-30T15:03:12","modified_gmt":"2022-12-30T15:03:12","slug":"plato-llano-volatudos","status":"publish","type":"product","link":"https:\/\/lolamoral.es\/?product=plato-llano-volatudos","title":{"rendered":"Plato llano \u201cVolatudos\u201d"},"content":{"rendered":"<p>Plato de loza conformado y decorado a mano con l\u00e1pices cer\u00e1micos de la serie \u201cDe la l\u00ednea al barro\u201d en colaboraci\u00f3n con Sergio Garc\u00eda S\u00e1nchez.<br \/>\nDi\u00e1metro 26 cm aproximadamente. Cada plato puede tener ligeras variaciones de tama\u00f1o y dibujo por su naturaleza artesanal.<\/p>\n<p>Cada plato est\u00e1 firmado por Sergio Garc\u00eda y Lola Moral.<\/p>\n","protected":false},"excerpt":{"rendered":"<p>Plato de loza hecho y decorado a mano.<\/p>\n","protected":false},"featured_media":716,"comment_status":"open","ping_status":"closed","template":"","meta":[],"product_brand":[],"product_cat":[17],"product_tag":[37,30,36],"class_list":{"0":"post-714","1":"product","2":"type-product","3":"status-publish","4":"has-post-thumbnail","6":"product_cat-ceramica","7":"product_tag-decoracion","8":"product_tag-platos","9":"product_tag-vajilla","11":"first","12":"outofstock","13":"taxable","14":"shipping-taxable","15":"product-type-simple"},"yoast_head":"<!-- This site is optimized with the Yoast SEO plugin v27.3 - https:\/\/yoast.com\/product\/yoast-seo-wordpress\/ -->\n<title>Plato llano \u201cVolatudos\u201d - LOLA MORAL STORE<\/title>\n<meta name=\"robots\" content=\"index, follow, max-snippet:-1, max-image-preview:large, max-video-preview:-1\" \/>\n<link rel=\"canonical\" href=\"https:\/\/lolamoral.es\/?product=plato-llano-volatudos\" \/>\n<meta property=\"og:locale\" content=\"es_ES\" \/>\n<meta property=\"og:type\" content=\"article\" \/>\n<meta property=\"og:title\" content=\"Plato llano \u201cVolatudos\u201d - LOLA MORAL STORE\" \/>\n<meta property=\"og:description\" content=\"Plato de loza hecho y decorado a mano.\" \/>\n<meta property=\"og:url\" content=\"https:\/\/lolamoral.es\/?product=plato-llano-volatudos\" \/>\n<meta property=\"og:site_name\" content=\"LOLA MORAL STORE\" \/>\n<meta property=\"article:modified_time\" content=\"2022-12-30T15:03:12+00:00\" \/>\n<meta property=\"og:image\" content=\"https:\/\/lolamoral.es\/wp-content\/uploads\/2022\/11\/AFCA1250-AF23-481C-8754-0AA43C823647.jpeg\" \/>\n\t<meta property=\"og:image:width\" content=\"960\" \/>\n\t<meta property=\"og:image:height\" content=\"1280\" \/>\n\t<meta property=\"og:image:type\" content=\"image\/jpeg\" \/>\n<meta name=\"twitter:card\" content=\"summary_large_image\" \/>\n<meta name=\"twitter:label1\" content=\"Tiempo de lectura\" \/>\n\t<meta name=\"twitter:data1\" content=\"1 minuto\" \/>\n<script type=\"application\/ld+json\" class=\"yoast-schema-graph\">{\"@context\":\"https:\\\/\\\/schema.org\",\"@graph\":[{\"@type\":\"WebPage\",\"@id\":\"https:\\\/\\\/lolamoral.es\\\/?product=plato-llano-volatudos\",\"url\":\"https:\\\/\\\/lolamoral.es\\\/?product=plato-llano-volatudos\",\"name\":\"Plato llano \u201cVolatudos\u201d - LOLA MORAL STORE\",\"isPartOf\":{\"@id\":\"https:\\\/\\\/lolamoral.es\\\/#website\"},\"primaryImageOfPage\":{\"@id\":\"https:\\\/\\\/lolamoral.es\\\/?product=plato-llano-volatudos#primaryimage\"},\"image\":{\"@id\":\"https:\\\/\\\/lolamoral.es\\\/?product=plato-llano-volatudos#primaryimage\"},\"thumbnailUrl\":\"https:\\\/\\\/lolamoral.es\\\/wp-content\\\/uploads\\\/2022\\\/11\\\/AFCA1250-AF23-481C-8754-0AA43C823647.jpeg\",\"datePublished\":\"2022-11-18T11:08:08+00:00\",\"dateModified\":\"2022-12-30T15:03:12+00:00\",\"breadcrumb\":{\"@id\":\"https:\\\/\\\/lolamoral.es\\\/?product=plato-llano-volatudos#breadcrumb\"},\"inLanguage\":\"es\",\"potentialAction\":[{\"@type\":\"ReadAction\",\"target\":[\"https:\\\/\\\/lolamoral.es\\\/?product=plato-llano-volatudos\"]}]},{\"@type\":\"ImageObject\",\"inLanguage\":\"es\",\"@id\":\"https:\\\/\\\/lolamoral.es\\\/?product=plato-llano-volatudos#primaryimage\",\"url\":\"https:\\\/\\\/lolamoral.es\\\/wp-content\\\/uploads\\\/2022\\\/11\\\/AFCA1250-AF23-481C-8754-0AA43C823647.jpeg\",\"contentUrl\":\"https:\\\/\\\/lolamoral.es\\\/wp-content\\\/uploads\\\/2022\\\/11\\\/AFCA1250-AF23-481C-8754-0AA43C823647.jpeg\",\"width\":960,\"height\":1280},{\"@type\":\"BreadcrumbList\",\"@id\":\"https:\\\/\\\/lolamoral.es\\\/?product=plato-llano-volatudos#breadcrumb\",\"itemListElement\":[{\"@type\":\"ListItem\",\"position\":1,\"name\":\"Portada\",\"item\":\"https:\\\/\\\/lolamoral.es\\\/\"},{\"@type\":\"ListItem\",\"position\":2,\"name\":\"Tienda\",\"item\":\"https:\\\/\\\/lolamoral.es\\\/?page_id=11\"},{\"@type\":\"ListItem\",\"position\":3,\"name\":\"Plato llano \u201cVolatudos\u201d\"}]},{\"@type\":\"WebSite\",\"@id\":\"https:\\\/\\\/lolamoral.es\\\/#website\",\"url\":\"https:\\\/\\\/lolamoral.es\\\/\",\"name\":\"LOLA MORAL STORE\",\"description\":\"CER\u00c1MICA - TEXTILES - ARTE IMPRESO\",\"publisher\":{\"@id\":\"https:\\\/\\\/lolamoral.es\\\/#organization\"},\"potentialAction\":[{\"@type\":\"SearchAction\",\"target\":{\"@type\":\"EntryPoint\",\"urlTemplate\":\"https:\\\/\\\/lolamoral.es\\\/?s={search_term_string}\"},\"query-input\":{\"@type\":\"PropertyValueSpecification\",\"valueRequired\":true,\"valueName\":\"search_term_string\"}}],\"inLanguage\":\"es\"},{\"@type\":\"Organization\",\"@id\":\"https:\\\/\\\/lolamoral.es\\\/#organization\",\"name\":\"LOLA MORAL STORE\",\"url\":\"https:\\\/\\\/lolamoral.es\\\/\",\"logo\":{\"@type\":\"ImageObject\",\"inLanguage\":\"es\",\"@id\":\"https:\\\/\\\/lolamoral.es\\\/#\\\/schema\\\/logo\\\/image\\\/\",\"url\":\"https:\\\/\\\/lolamoral.es\\\/wp-content\\\/uploads\\\/2021\\\/01\\\/cropped-LOGO-LOLAMORALSTORE.jpg\",\"contentUrl\":\"https:\\\/\\\/lolamoral.es\\\/wp-content\\\/uploads\\\/2021\\\/01\\\/cropped-LOGO-LOLAMORALSTORE.jpg\",\"width\":600,\"height\":600,\"caption\":\"LOLA MORAL STORE\"},\"image\":{\"@id\":\"https:\\\/\\\/lolamoral.es\\\/#\\\/schema\\\/logo\\\/image\\\/\"}}]}<\/script>\n<!-- \/ Yoast SEO plugin. -->","yoast_head_json":{"title":"Plato llano \u201cVolatudos\u201d - LOLA MORAL STORE","robots":{"index":"index","follow":"follow","max-snippet":"max-snippet:-1","max-image-preview":"max-image-preview:large","max-video-preview":"max-video-preview:-1"},"canonical":"https:\/\/lolamoral.es\/?product=plato-llano-volatudos","og_locale":"es_ES","og_type":"article","og_title":"Plato llano \u201cVolatudos\u201d - LOLA MORAL STORE","og_description":"Plato de loza hecho y decorado a mano.","og_url":"https:\/\/lolamoral.es\/?product=plato-llano-volatudos","og_site_name":"LOLA MORAL STORE","article_modified_time":"2022-12-30T15:03:12+00:00","og_image":[{"width":960,"height":1280,"url":"https:\/\/lolamoral.es\/wp-content\/uploads\/2022\/11\/AFCA1250-AF23-481C-8754-0AA43C823647.jpeg","type":"image\/jpeg"}],"twitter_card":"summary_large_image","twitter_misc":{"Tiempo de lectura":"1 minuto"},"schema":{"@context":"https:\/\/schema.org","@graph":[{"@type":"WebPage","@id":"https:\/\/lolamoral.es\/?product=plato-llano-volatudos","url":"https:\/\/lolamoral.es\/?product=plato-llano-volatudos","name":"Plato llano \u201cVolatudos\u201d - LOLA MORAL STORE","isPartOf":{"@id":"https:\/\/lolamoral.es\/#website"},"primaryImageOfPage":{"@id":"https:\/\/lolamoral.es\/?product=plato-llano-volatudos#primaryimage"},"image":{"@id":"https:\/\/lolamoral.es\/?product=plato-llano-volatudos#primaryimage"},"thumbnailUrl":"https:\/\/lolamoral.es\/wp-content\/uploads\/2022\/11\/AFCA1250-AF23-481C-8754-0AA43C823647.jpeg","datePublished":"2022-11-18T11:08:08+00:00","dateModified":"2022-12-30T15:03:12+00:00","breadcrumb":{"@id":"https:\/\/lolamoral.es\/?product=plato-llano-volatudos#breadcrumb"},"inLanguage":"es","potentialAction":[{"@type":"ReadAction","target":["https:\/\/lolamoral.es\/?product=plato-llano-volatudos"]}]},{"@type":"ImageObject","inLanguage":"es","@id":"https:\/\/lolamoral.es\/?product=plato-llano-volatudos#primaryimage","url":"https:\/\/lolamoral.es\/wp-content\/uploads\/2022\/11\/AFCA1250-AF23-481C-8754-0AA43C823647.jpeg","contentUrl":"https:\/\/lolamoral.es\/wp-content\/uploads\/2022\/11\/AFCA1250-AF23-481C-8754-0AA43C823647.jpeg","width":960,"height":1280},{"@type":"BreadcrumbList","@id":"https:\/\/lolamoral.es\/?product=plato-llano-volatudos#breadcrumb","itemListElement":[{"@type":"ListItem","position":1,"name":"Portada","item":"https:\/\/lolamoral.es\/"},{"@type":"ListItem","position":2,"name":"Tienda","item":"https:\/\/lolamoral.es\/?page_id=11"},{"@type":"ListItem","position":3,"name":"Plato llano \u201cVolatudos\u201d"}]},{"@type":"WebSite","@id":"https:\/\/lolamoral.es\/#website","url":"https:\/\/lolamoral.es\/","name":"LOLA MORAL STORE","description":"CER\u00c1MICA - TEXTILES - ARTE IMPRESO","publisher":{"@id":"https:\/\/lolamoral.es\/#organization"},"potentialAction":[{"@type":"SearchAction","target":{"@type":"EntryPoint","urlTemplate":"https:\/\/lolamoral.es\/?s={search_term_string}"},"query-input":{"@type":"PropertyValueSpecification","valueRequired":true,"valueName":"search_term_string"}}],"inLanguage":"es"},{"@type":"Organization","@id":"https:\/\/lolamoral.es\/#organization","name":"LOLA MORAL STORE","url":"https:\/\/lolamoral.es\/","logo":{"@type":"ImageObject","inLanguage":"es","@id":"https:\/\/lolamoral.es\/#\/schema\/logo\/image\/","url":"https:\/\/lolamoral.es\/wp-content\/uploads\/2021\/01\/cropped-LOGO-LOLAMORALSTORE.jpg","contentUrl":"https:\/\/lolamoral.es\/wp-content\/uploads\/2021\/01\/cropped-LOGO-LOLAMORALSTORE.jpg","width":600,"height":600,"caption":"LOLA MORAL STORE"},"image":{"@id":"https:\/\/lolamoral.es\/#\/schema\/logo\/image\/"}}]}},"_links":{"self":[{"href":"https:\/\/lolamoral.es\/index.php?rest_route=\/wp\/v2\/product\/714","targetHints":{"allow":["GET"]}}],"collection":[{"href":"https:\/\/lolamoral.es\/index.php?rest_route=\/wp\/v2\/product"}],"about":[{"href":"https:\/\/lolamoral.es\/index.php?rest_route=\/wp\/v2\/types\/product"}],"replies":[{"embeddable":true,"href":"https:\/\/lolamoral.es\/index.php?rest_route=%2Fwp%2Fv2%2Fcomments&post=714"}],"wp:featuredmedia":[{"embeddable":true,"href":"https:\/\/lolamoral.es\/index.php?rest_route=\/wp\/v2\/media\/716"}],"wp:attachment":[{"href":"https:\/\/lolamoral.es\/index.php?rest_route=%2Fwp%2Fv2%2Fmedia&parent=714"}],"wp:term":[{"taxonomy":"product_brand","embeddable":true,"href":"https:\/\/lolamoral.es\/index.php?rest_route=%2Fwp%2Fv2%2Fproduct_brand&post=714"},{"taxonomy":"product_cat","embeddable":true,"href":"https:\/\/lolamoral.es\/index.php?rest_route=%2Fwp%2Fv2%2Fproduct_cat&post=714"},{"taxonomy":"product_tag","embeddable":true,"href":"https:\/\/lolamoral.es\/index.php?rest_route=%2Fwp%2Fv2%2Fproduct_tag&post=714"}],"curies":[{"name":"wp","href":"https:\/\/api.w.org\/{rel}","templated":true}]}}