{"id":771,"date":"2022-12-16T15:33:05","date_gmt":"2022-12-16T15:33:05","guid":{"rendered":"https:\/\/lolamoral.es\/?post_type=product&#038;p=771"},"modified":"2024-10-18T08:05:03","modified_gmt":"2024-10-18T08:05:03","slug":"loza-roja","status":"publish","type":"product","link":"https:\/\/lolamoral.es\/?product=loza-roja","title":{"rendered":"loza Roja"},"content":{"rendered":"<p>Pieza decorativa de loza esmaltada en bitono que podr\u00e1s usar como peque\u00f1o frutero, jarr\u00f3n o contenedor.<\/p>\n","protected":false},"excerpt":{"rendered":"<p>Pieza decorativa loza esmaltada en bitono.<\/p>\n","protected":false},"featured_media":773,"comment_status":"open","ping_status":"closed","template":"","meta":[],"product_brand":[],"product_cat":[17],"product_tag":[37,29,27,25,51,36],"class_list":{"0":"post-771","1":"product","2":"type-product","3":"status-publish","4":"has-post-thumbnail","6":"product_cat-ceramica","7":"product_tag-decoracion","8":"product_tag-escultura","9":"product_tag-florero","10":"product_tag-jarron","11":"product_tag-loza","12":"product_tag-vajilla","14":"first","15":"instock","16":"taxable","17":"shipping-taxable","18":"product-type-simple"},"yoast_head":"<!-- This site is optimized with the Yoast SEO plugin v27.3 - https:\/\/yoast.com\/product\/yoast-seo-wordpress\/ -->\n<title>loza Roja - LOLA MORAL STORE<\/title>\n<meta name=\"robots\" content=\"index, follow, max-snippet:-1, max-image-preview:large, max-video-preview:-1\" \/>\n<link rel=\"canonical\" href=\"https:\/\/lolamoral.es\/?product=loza-roja\" \/>\n<meta property=\"og:locale\" content=\"es_ES\" \/>\n<meta property=\"og:type\" content=\"article\" \/>\n<meta property=\"og:title\" content=\"loza Roja - LOLA MORAL STORE\" \/>\n<meta property=\"og:description\" content=\"Pieza decorativa loza esmaltada en bitono.\" \/>\n<meta property=\"og:url\" content=\"https:\/\/lolamoral.es\/?product=loza-roja\" \/>\n<meta property=\"og:site_name\" content=\"LOLA MORAL STORE\" \/>\n<meta property=\"article:modified_time\" content=\"2024-10-18T08:05:03+00:00\" \/>\n<meta property=\"og:image\" content=\"https:\/\/lolamoral.es\/wp-content\/uploads\/2022\/12\/IMG_1521-1.jpg\" \/>\n\t<meta property=\"og:image:width\" content=\"2533\" \/>\n\t<meta property=\"og:image:height\" content=\"2539\" \/>\n\t<meta property=\"og:image:type\" content=\"image\/jpeg\" \/>\n<meta name=\"twitter:card\" content=\"summary_large_image\" \/>\n<meta name=\"twitter:label1\" content=\"Tiempo de lectura\" \/>\n\t<meta name=\"twitter:data1\" content=\"1 minuto\" \/>\n<script type=\"application\/ld+json\" class=\"yoast-schema-graph\">{\"@context\":\"https:\\\/\\\/schema.org\",\"@graph\":[{\"@type\":\"WebPage\",\"@id\":\"https:\\\/\\\/lolamoral.es\\\/?product=loza-roja\",\"url\":\"https:\\\/\\\/lolamoral.es\\\/?product=loza-roja\",\"name\":\"loza Roja - LOLA MORAL STORE\",\"isPartOf\":{\"@id\":\"https:\\\/\\\/lolamoral.es\\\/#website\"},\"primaryImageOfPage\":{\"@id\":\"https:\\\/\\\/lolamoral.es\\\/?product=loza-roja#primaryimage\"},\"image\":{\"@id\":\"https:\\\/\\\/lolamoral.es\\\/?product=loza-roja#primaryimage\"},\"thumbnailUrl\":\"https:\\\/\\\/lolamoral.es\\\/wp-content\\\/uploads\\\/2022\\\/12\\\/IMG_1521-1.jpg\",\"datePublished\":\"2022-12-16T15:33:05+00:00\",\"dateModified\":\"2024-10-18T08:05:03+00:00\",\"breadcrumb\":{\"@id\":\"https:\\\/\\\/lolamoral.es\\\/?product=loza-roja#breadcrumb\"},\"inLanguage\":\"es\",\"potentialAction\":[{\"@type\":\"ReadAction\",\"target\":[\"https:\\\/\\\/lolamoral.es\\\/?product=loza-roja\"]}]},{\"@type\":\"ImageObject\",\"inLanguage\":\"es\",\"@id\":\"https:\\\/\\\/lolamoral.es\\\/?product=loza-roja#primaryimage\",\"url\":\"https:\\\/\\\/lolamoral.es\\\/wp-content\\\/uploads\\\/2022\\\/12\\\/IMG_1521-1.jpg\",\"contentUrl\":\"https:\\\/\\\/lolamoral.es\\\/wp-content\\\/uploads\\\/2022\\\/12\\\/IMG_1521-1.jpg\",\"width\":2533,\"height\":2539},{\"@type\":\"BreadcrumbList\",\"@id\":\"https:\\\/\\\/lolamoral.es\\\/?product=loza-roja#breadcrumb\",\"itemListElement\":[{\"@type\":\"ListItem\",\"position\":1,\"name\":\"Portada\",\"item\":\"https:\\\/\\\/lolamoral.es\\\/\"},{\"@type\":\"ListItem\",\"position\":2,\"name\":\"Tienda\",\"item\":\"https:\\\/\\\/lolamoral.es\\\/?page_id=11\"},{\"@type\":\"ListItem\",\"position\":3,\"name\":\"loza Roja\"}]},{\"@type\":\"WebSite\",\"@id\":\"https:\\\/\\\/lolamoral.es\\\/#website\",\"url\":\"https:\\\/\\\/lolamoral.es\\\/\",\"name\":\"LOLA MORAL STORE\",\"description\":\"CER\u00c1MICA - TEXTILES - ARTE IMPRESO\",\"publisher\":{\"@id\":\"https:\\\/\\\/lolamoral.es\\\/#organization\"},\"potentialAction\":[{\"@type\":\"SearchAction\",\"target\":{\"@type\":\"EntryPoint\",\"urlTemplate\":\"https:\\\/\\\/lolamoral.es\\\/?s={search_term_string}\"},\"query-input\":{\"@type\":\"PropertyValueSpecification\",\"valueRequired\":true,\"valueName\":\"search_term_string\"}}],\"inLanguage\":\"es\"},{\"@type\":\"Organization\",\"@id\":\"https:\\\/\\\/lolamoral.es\\\/#organization\",\"name\":\"LOLA MORAL STORE\",\"url\":\"https:\\\/\\\/lolamoral.es\\\/\",\"logo\":{\"@type\":\"ImageObject\",\"inLanguage\":\"es\",\"@id\":\"https:\\\/\\\/lolamoral.es\\\/#\\\/schema\\\/logo\\\/image\\\/\",\"url\":\"https:\\\/\\\/lolamoral.es\\\/wp-content\\\/uploads\\\/2021\\\/01\\\/cropped-LOGO-LOLAMORALSTORE.jpg\",\"contentUrl\":\"https:\\\/\\\/lolamoral.es\\\/wp-content\\\/uploads\\\/2021\\\/01\\\/cropped-LOGO-LOLAMORALSTORE.jpg\",\"width\":600,\"height\":600,\"caption\":\"LOLA MORAL STORE\"},\"image\":{\"@id\":\"https:\\\/\\\/lolamoral.es\\\/#\\\/schema\\\/logo\\\/image\\\/\"}}]}<\/script>\n<!-- \/ Yoast SEO plugin. -->","yoast_head_json":{"title":"loza Roja - LOLA MORAL STORE","robots":{"index":"index","follow":"follow","max-snippet":"max-snippet:-1","max-image-preview":"max-image-preview:large","max-video-preview":"max-video-preview:-1"},"canonical":"https:\/\/lolamoral.es\/?product=loza-roja","og_locale":"es_ES","og_type":"article","og_title":"loza Roja - LOLA MORAL STORE","og_description":"Pieza decorativa loza esmaltada en bitono.","og_url":"https:\/\/lolamoral.es\/?product=loza-roja","og_site_name":"LOLA MORAL STORE","article_modified_time":"2024-10-18T08:05:03+00:00","og_image":[{"width":2533,"height":2539,"url":"https:\/\/lolamoral.es\/wp-content\/uploads\/2022\/12\/IMG_1521-1.jpg","type":"image\/jpeg"}],"twitter_card":"summary_large_image","twitter_misc":{"Tiempo de lectura":"1 minuto"},"schema":{"@context":"https:\/\/schema.org","@graph":[{"@type":"WebPage","@id":"https:\/\/lolamoral.es\/?product=loza-roja","url":"https:\/\/lolamoral.es\/?product=loza-roja","name":"loza Roja - LOLA MORAL STORE","isPartOf":{"@id":"https:\/\/lolamoral.es\/#website"},"primaryImageOfPage":{"@id":"https:\/\/lolamoral.es\/?product=loza-roja#primaryimage"},"image":{"@id":"https:\/\/lolamoral.es\/?product=loza-roja#primaryimage"},"thumbnailUrl":"https:\/\/lolamoral.es\/wp-content\/uploads\/2022\/12\/IMG_1521-1.jpg","datePublished":"2022-12-16T15:33:05+00:00","dateModified":"2024-10-18T08:05:03+00:00","breadcrumb":{"@id":"https:\/\/lolamoral.es\/?product=loza-roja#breadcrumb"},"inLanguage":"es","potentialAction":[{"@type":"ReadAction","target":["https:\/\/lolamoral.es\/?product=loza-roja"]}]},{"@type":"ImageObject","inLanguage":"es","@id":"https:\/\/lolamoral.es\/?product=loza-roja#primaryimage","url":"https:\/\/lolamoral.es\/wp-content\/uploads\/2022\/12\/IMG_1521-1.jpg","contentUrl":"https:\/\/lolamoral.es\/wp-content\/uploads\/2022\/12\/IMG_1521-1.jpg","width":2533,"height":2539},{"@type":"BreadcrumbList","@id":"https:\/\/lolamoral.es\/?product=loza-roja#breadcrumb","itemListElement":[{"@type":"ListItem","position":1,"name":"Portada","item":"https:\/\/lolamoral.es\/"},{"@type":"ListItem","position":2,"name":"Tienda","item":"https:\/\/lolamoral.es\/?page_id=11"},{"@type":"ListItem","position":3,"name":"loza Roja"}]},{"@type":"WebSite","@id":"https:\/\/lolamoral.es\/#website","url":"https:\/\/lolamoral.es\/","name":"LOLA MORAL STORE","description":"CER\u00c1MICA - TEXTILES - ARTE IMPRESO","publisher":{"@id":"https:\/\/lolamoral.es\/#organization"},"potentialAction":[{"@type":"SearchAction","target":{"@type":"EntryPoint","urlTemplate":"https:\/\/lolamoral.es\/?s={search_term_string}"},"query-input":{"@type":"PropertyValueSpecification","valueRequired":true,"valueName":"search_term_string"}}],"inLanguage":"es"},{"@type":"Organization","@id":"https:\/\/lolamoral.es\/#organization","name":"LOLA MORAL STORE","url":"https:\/\/lolamoral.es\/","logo":{"@type":"ImageObject","inLanguage":"es","@id":"https:\/\/lolamoral.es\/#\/schema\/logo\/image\/","url":"https:\/\/lolamoral.es\/wp-content\/uploads\/2021\/01\/cropped-LOGO-LOLAMORALSTORE.jpg","contentUrl":"https:\/\/lolamoral.es\/wp-content\/uploads\/2021\/01\/cropped-LOGO-LOLAMORALSTORE.jpg","width":600,"height":600,"caption":"LOLA MORAL STORE"},"image":{"@id":"https:\/\/lolamoral.es\/#\/schema\/logo\/image\/"}}]}},"_links":{"self":[{"href":"https:\/\/lolamoral.es\/index.php?rest_route=\/wp\/v2\/product\/771","targetHints":{"allow":["GET"]}}],"collection":[{"href":"https:\/\/lolamoral.es\/index.php?rest_route=\/wp\/v2\/product"}],"about":[{"href":"https:\/\/lolamoral.es\/index.php?rest_route=\/wp\/v2\/types\/product"}],"replies":[{"embeddable":true,"href":"https:\/\/lolamoral.es\/index.php?rest_route=%2Fwp%2Fv2%2Fcomments&post=771"}],"wp:featuredmedia":[{"embeddable":true,"href":"https:\/\/lolamoral.es\/index.php?rest_route=\/wp\/v2\/media\/773"}],"wp:attachment":[{"href":"https:\/\/lolamoral.es\/index.php?rest_route=%2Fwp%2Fv2%2Fmedia&parent=771"}],"wp:term":[{"taxonomy":"product_brand","embeddable":true,"href":"https:\/\/lolamoral.es\/index.php?rest_route=%2Fwp%2Fv2%2Fproduct_brand&post=771"},{"taxonomy":"product_cat","embeddable":true,"href":"https:\/\/lolamoral.es\/index.php?rest_route=%2Fwp%2Fv2%2Fproduct_cat&post=771"},{"taxonomy":"product_tag","embeddable":true,"href":"https:\/\/lolamoral.es\/index.php?rest_route=%2Fwp%2Fv2%2Fproduct_tag&post=771"}],"curies":[{"name":"wp","href":"https:\/\/api.w.org\/{rel}","templated":true}]}}