{"id":796,"date":"2022-12-18T22:59:31","date_gmt":"2022-12-18T22:59:31","guid":{"rendered":"https:\/\/lolamoral.es\/?post_type=product&#038;p=796"},"modified":"2026-01-10T09:57:44","modified_gmt":"2026-01-10T09:57:44","slug":"munequita-odi-articulada-3","status":"publish","type":"product","link":"https:\/\/lolamoral.es\/?product=munequita-odi-articulada-3","title":{"rendered":"Mu\u00f1equita Odi articulada"},"content":{"rendered":"<p>Mu\u00f1eca articulada realizada en porcelana y pintada a mano de Odi, personaje creado por Lola Moral Y Sergio Garc\u00eda S\u00e1nchez para el libro Odi&#8217;sblog publicado inicialmente por la editorial Dargaud y editado en varios paises.<\/p>\n<p>Mide 20 cm aproximadamente y puede sentarse.<\/p>\n","protected":false},"excerpt":{"rendered":"<p>Mu\u00f1eca articulada realizada en porcelana y pintada a mano de Odi, personaje creado por Lola Moral Y Sergio Garc\u00eda S\u00e1nchez para el libro Odi&#8217;sblog publicado inicialmente por la editorial Dargaud y editado en varios paises.<\/p>\n<p>Mide 20 cm aproximadamente y puede sentarse.<\/p>\n","protected":false},"featured_media":792,"comment_status":"open","ping_status":"closed","template":"","meta":[],"product_brand":[],"product_cat":[17],"product_tag":[37,29,55,34,33],"class_list":{"0":"post-796","1":"product","2":"type-product","3":"status-publish","4":"has-post-thumbnail","6":"product_cat-ceramica","7":"product_tag-decoracion","8":"product_tag-escultura","9":"product_tag-muneca","10":"product_tag-odi","11":"product_tag-porcelana","13":"first","14":"outofstock","15":"taxable","16":"shipping-taxable","17":"product-type-simple"},"yoast_head":"<!-- This site is optimized with the Yoast SEO plugin v27.3 - https:\/\/yoast.com\/product\/yoast-seo-wordpress\/ -->\n<title>Mu\u00f1equita Odi articulada - LOLA MORAL STORE<\/title>\n<meta name=\"robots\" content=\"index, follow, max-snippet:-1, max-image-preview:large, max-video-preview:-1\" \/>\n<link rel=\"canonical\" href=\"https:\/\/lolamoral.es\/?product=munequita-odi-articulada-3\" \/>\n<meta property=\"og:locale\" content=\"es_ES\" \/>\n<meta property=\"og:type\" content=\"article\" \/>\n<meta property=\"og:title\" content=\"Mu\u00f1equita Odi articulada - LOLA MORAL STORE\" \/>\n<meta property=\"og:description\" content=\"Mu\u00f1eca articulada realizada en porcelana y pintada a mano de Odi, personaje creado por Lola Moral Y Sergio Garc\u00eda S\u00e1nchez para el libro Odi&#039;sblog publicado inicialmente por la editorial Dargaud y editado en varios paises.  Mide 20 cm aproximadamente y puede sentarse.\" \/>\n<meta property=\"og:url\" content=\"https:\/\/lolamoral.es\/?product=munequita-odi-articulada-3\" \/>\n<meta property=\"og:site_name\" content=\"LOLA MORAL STORE\" \/>\n<meta property=\"article:modified_time\" content=\"2026-01-10T09:57:44+00:00\" \/>\n<meta property=\"og:image\" content=\"https:\/\/lolamoral.es\/wp-content\/uploads\/2022\/12\/IMG_1673.jpg\" \/>\n\t<meta property=\"og:image:width\" content=\"1809\" \/>\n\t<meta property=\"og:image:height\" content=\"2261\" \/>\n\t<meta property=\"og:image:type\" content=\"image\/jpeg\" \/>\n<meta name=\"twitter:card\" content=\"summary_large_image\" \/>\n<meta name=\"twitter:label1\" content=\"Tiempo de lectura\" \/>\n\t<meta name=\"twitter:data1\" content=\"1 minuto\" \/>\n<script type=\"application\/ld+json\" class=\"yoast-schema-graph\">{\"@context\":\"https:\\\/\\\/schema.org\",\"@graph\":[{\"@type\":\"WebPage\",\"@id\":\"https:\\\/\\\/lolamoral.es\\\/?product=munequita-odi-articulada-3\",\"url\":\"https:\\\/\\\/lolamoral.es\\\/?product=munequita-odi-articulada-3\",\"name\":\"Mu\u00f1equita Odi articulada - LOLA MORAL STORE\",\"isPartOf\":{\"@id\":\"https:\\\/\\\/lolamoral.es\\\/#website\"},\"primaryImageOfPage\":{\"@id\":\"https:\\\/\\\/lolamoral.es\\\/?product=munequita-odi-articulada-3#primaryimage\"},\"image\":{\"@id\":\"https:\\\/\\\/lolamoral.es\\\/?product=munequita-odi-articulada-3#primaryimage\"},\"thumbnailUrl\":\"https:\\\/\\\/lolamoral.es\\\/wp-content\\\/uploads\\\/2022\\\/12\\\/IMG_1673.jpg\",\"datePublished\":\"2022-12-18T22:59:31+00:00\",\"dateModified\":\"2026-01-10T09:57:44+00:00\",\"breadcrumb\":{\"@id\":\"https:\\\/\\\/lolamoral.es\\\/?product=munequita-odi-articulada-3#breadcrumb\"},\"inLanguage\":\"es\",\"potentialAction\":[{\"@type\":\"ReadAction\",\"target\":[\"https:\\\/\\\/lolamoral.es\\\/?product=munequita-odi-articulada-3\"]}]},{\"@type\":\"ImageObject\",\"inLanguage\":\"es\",\"@id\":\"https:\\\/\\\/lolamoral.es\\\/?product=munequita-odi-articulada-3#primaryimage\",\"url\":\"https:\\\/\\\/lolamoral.es\\\/wp-content\\\/uploads\\\/2022\\\/12\\\/IMG_1673.jpg\",\"contentUrl\":\"https:\\\/\\\/lolamoral.es\\\/wp-content\\\/uploads\\\/2022\\\/12\\\/IMG_1673.jpg\",\"width\":1809,\"height\":2261},{\"@type\":\"BreadcrumbList\",\"@id\":\"https:\\\/\\\/lolamoral.es\\\/?product=munequita-odi-articulada-3#breadcrumb\",\"itemListElement\":[{\"@type\":\"ListItem\",\"position\":1,\"name\":\"Portada\",\"item\":\"https:\\\/\\\/lolamoral.es\\\/\"},{\"@type\":\"ListItem\",\"position\":2,\"name\":\"Tienda\",\"item\":\"https:\\\/\\\/lolamoral.es\\\/?page_id=11\"},{\"@type\":\"ListItem\",\"position\":3,\"name\":\"Mu\u00f1equita Odi articulada\"}]},{\"@type\":\"WebSite\",\"@id\":\"https:\\\/\\\/lolamoral.es\\\/#website\",\"url\":\"https:\\\/\\\/lolamoral.es\\\/\",\"name\":\"LOLA MORAL STORE\",\"description\":\"CER\u00c1MICA - TEXTILES - ARTE IMPRESO\",\"publisher\":{\"@id\":\"https:\\\/\\\/lolamoral.es\\\/#organization\"},\"potentialAction\":[{\"@type\":\"SearchAction\",\"target\":{\"@type\":\"EntryPoint\",\"urlTemplate\":\"https:\\\/\\\/lolamoral.es\\\/?s={search_term_string}\"},\"query-input\":{\"@type\":\"PropertyValueSpecification\",\"valueRequired\":true,\"valueName\":\"search_term_string\"}}],\"inLanguage\":\"es\"},{\"@type\":\"Organization\",\"@id\":\"https:\\\/\\\/lolamoral.es\\\/#organization\",\"name\":\"LOLA MORAL STORE\",\"url\":\"https:\\\/\\\/lolamoral.es\\\/\",\"logo\":{\"@type\":\"ImageObject\",\"inLanguage\":\"es\",\"@id\":\"https:\\\/\\\/lolamoral.es\\\/#\\\/schema\\\/logo\\\/image\\\/\",\"url\":\"https:\\\/\\\/lolamoral.es\\\/wp-content\\\/uploads\\\/2021\\\/01\\\/cropped-LOGO-LOLAMORALSTORE.jpg\",\"contentUrl\":\"https:\\\/\\\/lolamoral.es\\\/wp-content\\\/uploads\\\/2021\\\/01\\\/cropped-LOGO-LOLAMORALSTORE.jpg\",\"width\":600,\"height\":600,\"caption\":\"LOLA MORAL STORE\"},\"image\":{\"@id\":\"https:\\\/\\\/lolamoral.es\\\/#\\\/schema\\\/logo\\\/image\\\/\"}}]}<\/script>\n<!-- \/ Yoast SEO plugin. -->","yoast_head_json":{"title":"Mu\u00f1equita Odi articulada - LOLA MORAL STORE","robots":{"index":"index","follow":"follow","max-snippet":"max-snippet:-1","max-image-preview":"max-image-preview:large","max-video-preview":"max-video-preview:-1"},"canonical":"https:\/\/lolamoral.es\/?product=munequita-odi-articulada-3","og_locale":"es_ES","og_type":"article","og_title":"Mu\u00f1equita Odi articulada - LOLA MORAL STORE","og_description":"Mu\u00f1eca articulada realizada en porcelana y pintada a mano de Odi, personaje creado por Lola Moral Y Sergio Garc\u00eda S\u00e1nchez para el libro Odi'sblog publicado inicialmente por la editorial Dargaud y editado en varios paises.  Mide 20 cm aproximadamente y puede sentarse.","og_url":"https:\/\/lolamoral.es\/?product=munequita-odi-articulada-3","og_site_name":"LOLA MORAL STORE","article_modified_time":"2026-01-10T09:57:44+00:00","og_image":[{"width":1809,"height":2261,"url":"https:\/\/lolamoral.es\/wp-content\/uploads\/2022\/12\/IMG_1673.jpg","type":"image\/jpeg"}],"twitter_card":"summary_large_image","twitter_misc":{"Tiempo de lectura":"1 minuto"},"schema":{"@context":"https:\/\/schema.org","@graph":[{"@type":"WebPage","@id":"https:\/\/lolamoral.es\/?product=munequita-odi-articulada-3","url":"https:\/\/lolamoral.es\/?product=munequita-odi-articulada-3","name":"Mu\u00f1equita Odi articulada - LOLA MORAL STORE","isPartOf":{"@id":"https:\/\/lolamoral.es\/#website"},"primaryImageOfPage":{"@id":"https:\/\/lolamoral.es\/?product=munequita-odi-articulada-3#primaryimage"},"image":{"@id":"https:\/\/lolamoral.es\/?product=munequita-odi-articulada-3#primaryimage"},"thumbnailUrl":"https:\/\/lolamoral.es\/wp-content\/uploads\/2022\/12\/IMG_1673.jpg","datePublished":"2022-12-18T22:59:31+00:00","dateModified":"2026-01-10T09:57:44+00:00","breadcrumb":{"@id":"https:\/\/lolamoral.es\/?product=munequita-odi-articulada-3#breadcrumb"},"inLanguage":"es","potentialAction":[{"@type":"ReadAction","target":["https:\/\/lolamoral.es\/?product=munequita-odi-articulada-3"]}]},{"@type":"ImageObject","inLanguage":"es","@id":"https:\/\/lolamoral.es\/?product=munequita-odi-articulada-3#primaryimage","url":"https:\/\/lolamoral.es\/wp-content\/uploads\/2022\/12\/IMG_1673.jpg","contentUrl":"https:\/\/lolamoral.es\/wp-content\/uploads\/2022\/12\/IMG_1673.jpg","width":1809,"height":2261},{"@type":"BreadcrumbList","@id":"https:\/\/lolamoral.es\/?product=munequita-odi-articulada-3#breadcrumb","itemListElement":[{"@type":"ListItem","position":1,"name":"Portada","item":"https:\/\/lolamoral.es\/"},{"@type":"ListItem","position":2,"name":"Tienda","item":"https:\/\/lolamoral.es\/?page_id=11"},{"@type":"ListItem","position":3,"name":"Mu\u00f1equita Odi articulada"}]},{"@type":"WebSite","@id":"https:\/\/lolamoral.es\/#website","url":"https:\/\/lolamoral.es\/","name":"LOLA MORAL STORE","description":"CER\u00c1MICA - TEXTILES - ARTE IMPRESO","publisher":{"@id":"https:\/\/lolamoral.es\/#organization"},"potentialAction":[{"@type":"SearchAction","target":{"@type":"EntryPoint","urlTemplate":"https:\/\/lolamoral.es\/?s={search_term_string}"},"query-input":{"@type":"PropertyValueSpecification","valueRequired":true,"valueName":"search_term_string"}}],"inLanguage":"es"},{"@type":"Organization","@id":"https:\/\/lolamoral.es\/#organization","name":"LOLA MORAL STORE","url":"https:\/\/lolamoral.es\/","logo":{"@type":"ImageObject","inLanguage":"es","@id":"https:\/\/lolamoral.es\/#\/schema\/logo\/image\/","url":"https:\/\/lolamoral.es\/wp-content\/uploads\/2021\/01\/cropped-LOGO-LOLAMORALSTORE.jpg","contentUrl":"https:\/\/lolamoral.es\/wp-content\/uploads\/2021\/01\/cropped-LOGO-LOLAMORALSTORE.jpg","width":600,"height":600,"caption":"LOLA MORAL STORE"},"image":{"@id":"https:\/\/lolamoral.es\/#\/schema\/logo\/image\/"}}]}},"_links":{"self":[{"href":"https:\/\/lolamoral.es\/index.php?rest_route=\/wp\/v2\/product\/796","targetHints":{"allow":["GET"]}}],"collection":[{"href":"https:\/\/lolamoral.es\/index.php?rest_route=\/wp\/v2\/product"}],"about":[{"href":"https:\/\/lolamoral.es\/index.php?rest_route=\/wp\/v2\/types\/product"}],"replies":[{"embeddable":true,"href":"https:\/\/lolamoral.es\/index.php?rest_route=%2Fwp%2Fv2%2Fcomments&post=796"}],"wp:featuredmedia":[{"embeddable":true,"href":"https:\/\/lolamoral.es\/index.php?rest_route=\/wp\/v2\/media\/792"}],"wp:attachment":[{"href":"https:\/\/lolamoral.es\/index.php?rest_route=%2Fwp%2Fv2%2Fmedia&parent=796"}],"wp:term":[{"taxonomy":"product_brand","embeddable":true,"href":"https:\/\/lolamoral.es\/index.php?rest_route=%2Fwp%2Fv2%2Fproduct_brand&post=796"},{"taxonomy":"product_cat","embeddable":true,"href":"https:\/\/lolamoral.es\/index.php?rest_route=%2Fwp%2Fv2%2Fproduct_cat&post=796"},{"taxonomy":"product_tag","embeddable":true,"href":"https:\/\/lolamoral.es\/index.php?rest_route=%2Fwp%2Fv2%2Fproduct_tag&post=796"}],"curies":[{"name":"wp","href":"https:\/\/api.w.org\/{rel}","templated":true}]}}