{"id":93,"date":"2021-01-26T15:37:18","date_gmt":"2021-01-26T15:37:18","guid":{"rendered":"https:\/\/lolamoral.es\/?post_type=product&#038;p=93"},"modified":"2021-03-23T19:34:41","modified_gmt":"2021-03-23T19:34:41","slug":"paleta-de-pintura","status":"publish","type":"product","link":"https:\/\/lolamoral.es\/?product=paleta-de-pintura","title":{"rendered":"Paleta de pintura"},"content":{"rendered":"<p>Paleta circular en porcelana con doce compartimentos y vasito de porcelana con hendidura para apoyar el pincel. El mezclador mide 18 cm de di\u00e1metro lo que permite usarlo con comodidad gracias tambi\u00e9n al orificio central para colocar el agua o asirla como una paleta. Es muy delgada, apenas 1,5cm. Es ideal para t\u00e9mpera, \u00a0acuarela o acr\u00edlico. Su color blanco no altera la percepci\u00f3n de los colores<\/p>\n<p>La porcelana es resistente y se limpia f\u00e1cilmente sin dejar rastros.<\/p>\n","protected":false},"excerpt":{"rendered":"<p>Paleta de doce pocillos con vaso de porcelana blanca.<\/p>\n","protected":false},"featured_media":98,"comment_status":"closed","ping_status":"closed","template":"","meta":[],"product_brand":[],"product_cat":[17],"product_tag":[],"class_list":{"0":"post-93","1":"product","2":"type-product","3":"status-publish","4":"has-post-thumbnail","6":"product_cat-ceramica","8":"first","9":"instock","10":"taxable","11":"shipping-taxable","12":"product-type-simple"},"yoast_head":"<!-- This site is optimized with the Yoast SEO plugin v27.3 - https:\/\/yoast.com\/product\/yoast-seo-wordpress\/ -->\n<title>Paleta de pintura - LOLA MORAL STORE<\/title>\n<meta name=\"robots\" content=\"index, follow, max-snippet:-1, max-image-preview:large, max-video-preview:-1\" \/>\n<link rel=\"canonical\" href=\"https:\/\/lolamoral.es\/?product=paleta-de-pintura\" \/>\n<meta property=\"og:locale\" content=\"es_ES\" \/>\n<meta property=\"og:type\" content=\"article\" \/>\n<meta property=\"og:title\" content=\"Paleta de pintura - LOLA MORAL STORE\" \/>\n<meta property=\"og:description\" content=\"Paleta de doce pocillos con vaso de porcelana blanca.\" \/>\n<meta property=\"og:url\" content=\"https:\/\/lolamoral.es\/?product=paleta-de-pintura\" \/>\n<meta property=\"og:site_name\" content=\"LOLA MORAL STORE\" \/>\n<meta property=\"article:modified_time\" content=\"2021-03-23T19:34:41+00:00\" \/>\n<meta property=\"og:image\" content=\"https:\/\/lolamoral.es\/wp-content\/uploads\/2021\/01\/paleta-1-scaled.jpg\" \/>\n\t<meta property=\"og:image:width\" content=\"1868\" \/>\n\t<meta property=\"og:image:height\" content=\"2560\" \/>\n\t<meta property=\"og:image:type\" content=\"image\/jpeg\" \/>\n<meta name=\"twitter:card\" content=\"summary_large_image\" \/>\n<script type=\"application\/ld+json\" class=\"yoast-schema-graph\">{\"@context\":\"https:\\\/\\\/schema.org\",\"@graph\":[{\"@type\":\"WebPage\",\"@id\":\"https:\\\/\\\/lolamoral.es\\\/?product=paleta-de-pintura\",\"url\":\"https:\\\/\\\/lolamoral.es\\\/?product=paleta-de-pintura\",\"name\":\"Paleta de pintura - LOLA MORAL STORE\",\"isPartOf\":{\"@id\":\"https:\\\/\\\/lolamoral.es\\\/#website\"},\"primaryImageOfPage\":{\"@id\":\"https:\\\/\\\/lolamoral.es\\\/?product=paleta-de-pintura#primaryimage\"},\"image\":{\"@id\":\"https:\\\/\\\/lolamoral.es\\\/?product=paleta-de-pintura#primaryimage\"},\"thumbnailUrl\":\"https:\\\/\\\/lolamoral.es\\\/wp-content\\\/uploads\\\/2021\\\/01\\\/paleta-1-scaled.jpg\",\"datePublished\":\"2021-01-26T15:37:18+00:00\",\"dateModified\":\"2021-03-23T19:34:41+00:00\",\"breadcrumb\":{\"@id\":\"https:\\\/\\\/lolamoral.es\\\/?product=paleta-de-pintura#breadcrumb\"},\"inLanguage\":\"es\",\"potentialAction\":[{\"@type\":\"ReadAction\",\"target\":[\"https:\\\/\\\/lolamoral.es\\\/?product=paleta-de-pintura\"]}]},{\"@type\":\"ImageObject\",\"inLanguage\":\"es\",\"@id\":\"https:\\\/\\\/lolamoral.es\\\/?product=paleta-de-pintura#primaryimage\",\"url\":\"https:\\\/\\\/lolamoral.es\\\/wp-content\\\/uploads\\\/2021\\\/01\\\/paleta-1-scaled.jpg\",\"contentUrl\":\"https:\\\/\\\/lolamoral.es\\\/wp-content\\\/uploads\\\/2021\\\/01\\\/paleta-1-scaled.jpg\",\"width\":1868,\"height\":2560},{\"@type\":\"BreadcrumbList\",\"@id\":\"https:\\\/\\\/lolamoral.es\\\/?product=paleta-de-pintura#breadcrumb\",\"itemListElement\":[{\"@type\":\"ListItem\",\"position\":1,\"name\":\"Portada\",\"item\":\"https:\\\/\\\/lolamoral.es\\\/\"},{\"@type\":\"ListItem\",\"position\":2,\"name\":\"Tienda\",\"item\":\"https:\\\/\\\/lolamoral.es\\\/?page_id=11\"},{\"@type\":\"ListItem\",\"position\":3,\"name\":\"Paleta de pintura\"}]},{\"@type\":\"WebSite\",\"@id\":\"https:\\\/\\\/lolamoral.es\\\/#website\",\"url\":\"https:\\\/\\\/lolamoral.es\\\/\",\"name\":\"LOLA MORAL STORE\",\"description\":\"CER\u00c1MICA - TEXTILES - ARTE IMPRESO\",\"publisher\":{\"@id\":\"https:\\\/\\\/lolamoral.es\\\/#organization\"},\"potentialAction\":[{\"@type\":\"SearchAction\",\"target\":{\"@type\":\"EntryPoint\",\"urlTemplate\":\"https:\\\/\\\/lolamoral.es\\\/?s={search_term_string}\"},\"query-input\":{\"@type\":\"PropertyValueSpecification\",\"valueRequired\":true,\"valueName\":\"search_term_string\"}}],\"inLanguage\":\"es\"},{\"@type\":\"Organization\",\"@id\":\"https:\\\/\\\/lolamoral.es\\\/#organization\",\"name\":\"LOLA MORAL STORE\",\"url\":\"https:\\\/\\\/lolamoral.es\\\/\",\"logo\":{\"@type\":\"ImageObject\",\"inLanguage\":\"es\",\"@id\":\"https:\\\/\\\/lolamoral.es\\\/#\\\/schema\\\/logo\\\/image\\\/\",\"url\":\"https:\\\/\\\/lolamoral.es\\\/wp-content\\\/uploads\\\/2021\\\/01\\\/cropped-LOGO-LOLAMORALSTORE.jpg\",\"contentUrl\":\"https:\\\/\\\/lolamoral.es\\\/wp-content\\\/uploads\\\/2021\\\/01\\\/cropped-LOGO-LOLAMORALSTORE.jpg\",\"width\":600,\"height\":600,\"caption\":\"LOLA MORAL STORE\"},\"image\":{\"@id\":\"https:\\\/\\\/lolamoral.es\\\/#\\\/schema\\\/logo\\\/image\\\/\"}}]}<\/script>\n<!-- \/ Yoast SEO plugin. -->","yoast_head_json":{"title":"Paleta de pintura - LOLA MORAL STORE","robots":{"index":"index","follow":"follow","max-snippet":"max-snippet:-1","max-image-preview":"max-image-preview:large","max-video-preview":"max-video-preview:-1"},"canonical":"https:\/\/lolamoral.es\/?product=paleta-de-pintura","og_locale":"es_ES","og_type":"article","og_title":"Paleta de pintura - LOLA MORAL STORE","og_description":"Paleta de doce pocillos con vaso de porcelana blanca.","og_url":"https:\/\/lolamoral.es\/?product=paleta-de-pintura","og_site_name":"LOLA MORAL STORE","article_modified_time":"2021-03-23T19:34:41+00:00","og_image":[{"width":1868,"height":2560,"url":"https:\/\/lolamoral.es\/wp-content\/uploads\/2021\/01\/paleta-1-scaled.jpg","type":"image\/jpeg"}],"twitter_card":"summary_large_image","schema":{"@context":"https:\/\/schema.org","@graph":[{"@type":"WebPage","@id":"https:\/\/lolamoral.es\/?product=paleta-de-pintura","url":"https:\/\/lolamoral.es\/?product=paleta-de-pintura","name":"Paleta de pintura - LOLA MORAL STORE","isPartOf":{"@id":"https:\/\/lolamoral.es\/#website"},"primaryImageOfPage":{"@id":"https:\/\/lolamoral.es\/?product=paleta-de-pintura#primaryimage"},"image":{"@id":"https:\/\/lolamoral.es\/?product=paleta-de-pintura#primaryimage"},"thumbnailUrl":"https:\/\/lolamoral.es\/wp-content\/uploads\/2021\/01\/paleta-1-scaled.jpg","datePublished":"2021-01-26T15:37:18+00:00","dateModified":"2021-03-23T19:34:41+00:00","breadcrumb":{"@id":"https:\/\/lolamoral.es\/?product=paleta-de-pintura#breadcrumb"},"inLanguage":"es","potentialAction":[{"@type":"ReadAction","target":["https:\/\/lolamoral.es\/?product=paleta-de-pintura"]}]},{"@type":"ImageObject","inLanguage":"es","@id":"https:\/\/lolamoral.es\/?product=paleta-de-pintura#primaryimage","url":"https:\/\/lolamoral.es\/wp-content\/uploads\/2021\/01\/paleta-1-scaled.jpg","contentUrl":"https:\/\/lolamoral.es\/wp-content\/uploads\/2021\/01\/paleta-1-scaled.jpg","width":1868,"height":2560},{"@type":"BreadcrumbList","@id":"https:\/\/lolamoral.es\/?product=paleta-de-pintura#breadcrumb","itemListElement":[{"@type":"ListItem","position":1,"name":"Portada","item":"https:\/\/lolamoral.es\/"},{"@type":"ListItem","position":2,"name":"Tienda","item":"https:\/\/lolamoral.es\/?page_id=11"},{"@type":"ListItem","position":3,"name":"Paleta de pintura"}]},{"@type":"WebSite","@id":"https:\/\/lolamoral.es\/#website","url":"https:\/\/lolamoral.es\/","name":"LOLA MORAL STORE","description":"CER\u00c1MICA - TEXTILES - ARTE IMPRESO","publisher":{"@id":"https:\/\/lolamoral.es\/#organization"},"potentialAction":[{"@type":"SearchAction","target":{"@type":"EntryPoint","urlTemplate":"https:\/\/lolamoral.es\/?s={search_term_string}"},"query-input":{"@type":"PropertyValueSpecification","valueRequired":true,"valueName":"search_term_string"}}],"inLanguage":"es"},{"@type":"Organization","@id":"https:\/\/lolamoral.es\/#organization","name":"LOLA MORAL STORE","url":"https:\/\/lolamoral.es\/","logo":{"@type":"ImageObject","inLanguage":"es","@id":"https:\/\/lolamoral.es\/#\/schema\/logo\/image\/","url":"https:\/\/lolamoral.es\/wp-content\/uploads\/2021\/01\/cropped-LOGO-LOLAMORALSTORE.jpg","contentUrl":"https:\/\/lolamoral.es\/wp-content\/uploads\/2021\/01\/cropped-LOGO-LOLAMORALSTORE.jpg","width":600,"height":600,"caption":"LOLA MORAL STORE"},"image":{"@id":"https:\/\/lolamoral.es\/#\/schema\/logo\/image\/"}}]}},"_links":{"self":[{"href":"https:\/\/lolamoral.es\/index.php?rest_route=\/wp\/v2\/product\/93","targetHints":{"allow":["GET"]}}],"collection":[{"href":"https:\/\/lolamoral.es\/index.php?rest_route=\/wp\/v2\/product"}],"about":[{"href":"https:\/\/lolamoral.es\/index.php?rest_route=\/wp\/v2\/types\/product"}],"replies":[{"embeddable":true,"href":"https:\/\/lolamoral.es\/index.php?rest_route=%2Fwp%2Fv2%2Fcomments&post=93"}],"wp:featuredmedia":[{"embeddable":true,"href":"https:\/\/lolamoral.es\/index.php?rest_route=\/wp\/v2\/media\/98"}],"wp:attachment":[{"href":"https:\/\/lolamoral.es\/index.php?rest_route=%2Fwp%2Fv2%2Fmedia&parent=93"}],"wp:term":[{"taxonomy":"product_brand","embeddable":true,"href":"https:\/\/lolamoral.es\/index.php?rest_route=%2Fwp%2Fv2%2Fproduct_brand&post=93"},{"taxonomy":"product_cat","embeddable":true,"href":"https:\/\/lolamoral.es\/index.php?rest_route=%2Fwp%2Fv2%2Fproduct_cat&post=93"},{"taxonomy":"product_tag","embeddable":true,"href":"https:\/\/lolamoral.es\/index.php?rest_route=%2Fwp%2Fv2%2Fproduct_tag&post=93"}],"curies":[{"name":"wp","href":"https:\/\/api.w.org\/{rel}","templated":true}]}}